{"id":244873,"date":"2025-12-08T13:44:48","date_gmt":"2025-12-08T12:44:48","guid":{"rendered":"https:\/\/mcc-hamburg.de\/?page_id=244873"},"modified":"2026-03-16T17:05:32","modified_gmt":"2026-03-16T16:05:32","slug":"ausbildung","status":"publish","type":"page","link":"https:\/\/mcc-hamburg.de\/en\/ausbildung\/","title":{"rendered":"Vocational Training"},"content":{"rendered":"<p>[et_pb_section fb_built=&#8220;1&#8243; fullwidth=&#8220;on&#8220; admin_label=&#8220;Section&#8220; _builder_version=&#8220;4.16&#8243; _module_preset=&#8220;default&#8220; custom_margin=&#8220;||||false|false&#8220; custom_css_main_element=&#8220;overflow:hidden;&#8220; da_disable_devices=&#8220;off|off|off&#8220; locked=&#8220;off&#8220; collapsed=&#8220;on&#8220; global_colors_info=&#8220;{}&#8220; custom_css_before__hover_enabled=&#8220;off|desktop&#8220; da_is_popup=&#8220;off&#8220; da_exit_intent=&#8220;off&#8220; da_has_close=&#8220;on&#8220; da_alt_close=&#8220;off&#8220; da_dark_close=&#8220;off&#8220; da_not_modal=&#8220;on&#8220; da_is_singular=&#8220;off&#8220; da_with_loader=&#8220;off&#8220; da_has_shadow=&#8220;on&#8220;][et_pb_fullwidth_slider show_arrows=&#8220;off&#8220; show_pagination=&#8220;off&#8220; show_image_video_mobile=&#8220;on&#8220; arrows_custom_color=&#8220;#ffffff&#8220; dot_nav_custom_color=&#8220;#ffffff&#8220; module_class=&#8220;ken-burns-effect-ap-right&#8220; _builder_version=&#8220;4.27.4&#8243; _module_preset=&#8220;default&#8220; header_font=&#8220;|200||on|||||&#8220; header_text_color=&#8220;#ffffff&#8220; header_font_size=&#8220;80px&#8220; header_letter_spacing=&#8220;-3px&#8220; header_line_height=&#8220;1.5em&#8220; body_font=&#8220;||||||||&#8220; body_text_color=&#8220;#ffffff&#8220; body_font_size=&#8220;15px&#8220; body_line_height=&#8220;1.8em&#8220; custom_button=&#8220;on&#8220; button_text_size=&#8220;14px&#8220; button_text_color=&#8220;#ffffff&#8220; button_bg_color=&#8220;#000000&#8243; button_border_width=&#8220;0px&#8220; button_border_color=&#8220;#ffffff&#8220; button_border_radius=&#8220;0px&#8220; button_letter_spacing=&#8220;1px&#8220; button_font=&#8220;Poppins|||on|||||&#8220; button_icon=&#8220;%%3%%&#8220; button_icon_color=&#8220;#ffffff&#8220; button_alignment=&#8220;center&#8220; button_custom_margin=&#8220;34px||||false|false&#8220; button_custom_margin_tablet=&#8220;&#8220; button_custom_margin_phone=&#8220;20px||20px||false|false&#8220; button_custom_margin_last_edited=&#8220;on|phone&#8220; button_custom_padding=&#8220;17px|30px|17px|30px|true|true&#8220; button_custom_padding_tablet=&#8220;&#8220; button_custom_padding_phone=&#8220;13px|17px|13px|17px|true|true&#8220; button_custom_padding_last_edited=&#8220;on|phone&#8220; content_width=&#8220;100%&#8220; min_height=&#8220;40vh&#8220; min_height_tablet=&#8220;30vh&#8220; min_height_phone=&#8220;21vh&#8220; min_height_last_edited=&#8220;on|phone&#8220; height=&#8220;40vh&#8220; height_tablet=&#8220;30vh&#8220; height_phone=&#8220;21vh&#8220; height_last_edited=&#8220;on|desktop&#8220; max_height=&#8220;40vh&#8220; max_height_tablet=&#8220;30vh&#8220; max_height_phone=&#8220;21vh&#8220; max_height_last_edited=&#8220;on|desktop&#8220; custom_padding=&#8220;0px||0px||true|false&#8220; custom_padding_tablet=&#8220;0px||0px||true|false&#8220; custom_padding_phone=&#8220;0px||0px||true|false&#8220; custom_padding_last_edited=&#8220;on|desktop&#8220; auto=&#8220;on&#8220; auto_speed=&#8220;20000&#8243; auto_ignore_hover=&#8220;on&#8220; header_font_size_tablet=&#8220;60px&#8220; header_font_size_phone=&#8220;42px&#8220; header_font_size_last_edited=&#8220;on|desktop&#8220; header_letter_spacing_tablet=&#8220;&#8220; header_letter_spacing_phone=&#8220;-2px&#8220; header_letter_spacing_last_edited=&#8220;on|tablet&#8220; body_font_size_tablet=&#8220;&#8220; body_font_size_phone=&#8220;14px&#8220; body_font_size_last_edited=&#8220;on|phone&#8220; body_line_height_tablet=&#8220;&#8220; body_line_height_phone=&#8220;1.6em&#8220; body_line_height_last_edited=&#8220;on|phone&#8220; button_text_size_tablet=&#8220;&#8220; button_text_size_phone=&#8220;12px&#8220; button_text_size_last_edited=&#8220;on|phone&#8220; custom_css_slide_description=&#8220;animation-name: none !important;&#8220; custom_css_slide_title=&#8220;animation-name: none !important;&#8220; custom_css_slide_button=&#8220;animation-name: none !important;&#8220; custom_css_slide_controllers=&#8220;animation-name: none !important;&#8220; custom_css_slide_image=&#8220;animation-name: none !important;&#8220; global_colors_info=&#8220;{}&#8220; button_text_color__hover=&#8220;#ffffff&#8220; button_text_color__hover_enabled=&#8220;on|hover&#8220; button_bg_color__hover=&#8220;#000000&#8243; button_bg_color__hover_enabled=&#8220;on|hover&#8220; button_border_color__hover=&#8220;#bfbfbf&#8220; button_border_color__hover_enabled=&#8220;on&#8220; button_letter_spacing__hover=&#8220;2px&#8220; button_letter_spacing__hover_enabled=&#8220;on|hover&#8220; transform_styles__hover_enabled=&#8220;off|hover&#8220; custom_css_slide_image__hover_enabled=&#8220;off|desktop&#8220; custom_css_before__hover_enabled=&#8220;off|hover&#8220; custom_css_main_element__hover_enabled=&#8220;off|hover&#8220; custom_css_slide_description__hover_enabled=&#8220;off|desktop&#8220; button_bg_enable_color__hover=&#8220;on&#8220;][et_pb_slide image=&#8220;https:\/\/mcc-hamburg.de\/website\/wp-content\/uploads\/mcc-menssing-chemiehandel-excellence-in-speacialty-chemicals-1080.svg&#8220; image_alt=&#8220;Karriere MCC Menssing Chemiehandel&#8220; content_tablet=&#8220;&#8220; content_phone=&#8220;&#8220; content_last_edited=&#8220;on|phone&#8220; _builder_version=&#8220;4.27.4&#8243; _module_preset=&#8220;default&#8220; header_font=&#8220;Poppins|200||on|||||&#8220; header_text_color=&#8220;#ffffff&#8220; header_font_size=&#8220;80px&#8220; header_letter_spacing=&#8220;-3px&#8220; header_line_height=&#8220;1.5em&#8220; body_font=&#8220;Open Sans||||||||&#8220; body_text_color=&#8220;#ffffff&#8220; body_font_size=&#8220;15px&#8220; body_line_height=&#8220;1.8em&#8220; background_color=&#8220;#383838&#8243; background_enable_color=&#8220;on&#8220; background_image=&#8220;https:\/\/mcc-hamburg.de\/website\/wp-content\/uploads\/mcc-menssing-hamburg-chemiehandel-bewerbung-karriere.jpg&#8220; background_enable_image=&#8220;on&#8220; parallax=&#8220;on&#8220; parallax_method=&#8220;off&#8220; header_font_size_tablet=&#8220;60px&#8220; header_font_size_phone=&#8220;42px&#8220; header_font_size_last_edited=&#8220;on|phone&#8220; header_letter_spacing_tablet=&#8220;&#8220; header_letter_spacing_phone=&#8220;-2px&#8220; header_letter_spacing_last_edited=&#8220;on|tablet&#8220; body_font_size_tablet=&#8220;&#8220; body_font_size_phone=&#8220;14px&#8220; body_font_size_last_edited=&#8220;on|desktop&#8220; body_line_height_tablet=&#8220;&#8220; body_line_height_phone=&#8220;1.6em&#8220; body_line_height_last_edited=&#8220;on|phone&#8220; custom_css_slide_image=&#8220;width:100%;&#8220; global_colors_info=&#8220;{}&#8220; sticky_transition=&#8220;on&#8220;][\/et_pb_slide][\/et_pb_fullwidth_slider][\/et_pb_section][et_pb_section fb_built=&#8220;1&#8243; admin_label=&#8220;Ausbildung&#8220; module_id=&#8220;ausbildung&#8220; _builder_version=&#8220;4.27.4&#8243; _module_preset=&#8220;default&#8220; background_color=&#8220;gcid-14adc35a-f565-4dd9-ae6d-e0197fd41b31&#8243; custom_padding=&#8220;2em||||false|false&#8220; da_popup_slug=&#8220;ausbildung&#8220; da_disable_devices=&#8220;off|off|off&#8220; global_colors_info=&#8220;{%22gcid-14adc35a-f565-4dd9-ae6d-e0197fd41b31%22:%91%22background_color%22%93}&#8220; da_is_popup=&#8220;off&#8220; da_exit_intent=&#8220;off&#8220; da_has_close=&#8220;on&#8220; da_alt_close=&#8220;off&#8220; da_dark_close=&#8220;off&#8220; da_not_modal=&#8220;on&#8220; da_is_singular=&#8220;off&#8220; da_with_loader=&#8220;off&#8220; da_has_shadow=&#8220;on&#8220;][et_pb_row disabled_on=&#8220;off|off|off&#8220; _builder_version=&#8220;4.27.4&#8243; _module_preset=&#8220;default&#8220; custom_padding=&#8220;||||false|false&#8220; border_color_top=&#8220;gcid-1c7810c3-3311-49a9-b930-97ea13cb0748&#8243; global_colors_info=&#8220;{%22gcid-1c7810c3-3311-49a9-b930-97ea13cb0748%22:%91%22border_color_top%22%93}&#8220;][et_pb_column type=&#8220;4_4&#8243; _builder_version=&#8220;4.20.2&#8243; _module_preset=&#8220;default&#8220; global_colors_info=&#8220;{}&#8220;][et_pb_blurb title=&#8220;Starte deine Ausbildung bei MCC!&#8220; alt=&#8220;MCC Menssing Chemiehandel &#038; Consultants Liquids Lubricants Icon&#8220; image_icon_width=&#8220;3em&#8220; title_tablet=&#8220;Antioxidants&#8220; title_phone=&#8220;Antioxidants&#8220; title_last_edited=&#8220;off|desktop&#8220; image_icon_width_tablet=&#8220;3em&#8220; image_icon_width_phone=&#8220;2em&#8220; image_icon_width_last_edited=&#8220;on|phone&#8220; _builder_version=&#8220;4.27.4&#8243; _module_preset=&#8220;default&#8220; header_font=&#8220;|||on|||||&#8220; header_font_size=&#8220;3em&#8220; image_icon_custom_padding=&#8220;||||false|false&#8220; custom_padding=&#8220;||2em||false|false&#8220; animation=&#8220;left&#8220; header_font_size_tablet=&#8220;3em&#8220; header_font_size_phone=&#8220;2em&#8220; header_font_size_last_edited=&#8220;on|desktop&#8220; global_colors_info=&#8220;{}&#8220;][\/et_pb_blurb][et_pb_text _builder_version=&#8220;4.27.4&#8243; _module_preset=&#8220;default&#8220; link_font=&#8220;||||||||&#8220; ul_font=&#8220;|||on|||||&#8220; header_4_font=&#8220;Rob-Regular|||on|||||&#8220; header_4_text_color=&#8220;gcid-1c7810c3-3311-49a9-b930-97ea13cb0748&#8243; header_4_font_size=&#8220;2em&#8220; header_4_line_height=&#8220;1.3em&#8220; header_5_font=&#8220;Rob-Regular|||on|||||&#8220; header_5_font_size=&#8220;1.1em&#8220; custom_margin=&#8220;||||false|false&#8220; custom_padding=&#8220;||||false|false&#8220; header_3_font_size_tablet=&#8220;&#8220; header_3_font_size_phone=&#8220;1.75em&#8220; header_3_font_size_last_edited=&#8220;on|tablet&#8220; header_4_font_size_tablet=&#8220;2em&#8220; header_4_font_size_phone=&#8220;2em&#8220; header_4_font_size_last_edited=&#8220;on|desktop&#8220; header_5_font_size_phone=&#8220;1.15em&#8220; header_5_font_size_last_edited=&#8220;off|desktop&#8220; global_colors_info=&#8220;{%22gcid-1c7810c3-3311-49a9-b930-97ea13cb0748%22:%91%22header_4_text_color%22,%22header_4_text_color%22%93}&#8220;]<\/p>\n<h4 style=\"text-align: left;\">Kaufleute f\u00fcr Gro\u00df- und Au\u00dfenhandelsmanagement (m\/w\/d)<\/h4>\n<p>[\/et_pb_text][et_pb_text ul_item_indent=&#8220;2em&#8220; _builder_version=&#8220;4.27.5&#8243; _module_preset=&#8220;default&#8220; link_font=&#8220;||||||||&#8220; ul_font=&#8220;||||||||&#8220; header_4_font=&#8220;Rob-Regular||||||||&#8220; header_4_text_color=&#8220;gcid-1c7810c3-3311-49a9-b930-97ea13cb0748&#8243; header_5_font=&#8220;Rob-Regular|||on|||||&#8220; header_5_font_size=&#8220;1.1em&#8220; custom_margin=&#8220;||0px||false|false&#8220; custom_padding=&#8220;||0px||false|false&#8220; header_3_font_size_tablet=&#8220;&#8220; header_3_font_size_phone=&#8220;1.75em&#8220; header_3_font_size_last_edited=&#8220;on|tablet&#8220; header_5_font_size_phone=&#8220;1.15em&#8220; header_5_font_size_last_edited=&#8220;off|desktop&#8220; global_colors_info=&#8220;{%22gcid-1c7810c3-3311-49a9-b930-97ea13cb0748%22:%91%22header_4_text_color%22,%22header_4_text_color%22%93}&#8220;]<\/p>\n<ul>\n<li>Schwerpunkt: Au\u00dfenhandel<\/li>\n<li>Industrie \/ Gewerbe: Chemie<\/li>\n<li>Ausbildungsdauer: 3 Jahre<\/li>\n<li>Basislohn: \u20ac 1.200 bis \u20ac 1.500,-<\/li>\n<li>Standort: 22301 Hamburg<\/li>\n<li>Start: August 2026<\/li>\n<\/ul>\n<p>[\/et_pb_text][et_pb_text _builder_version=&#8220;4.27.4&#8243; _module_preset=&#8220;default&#8220; link_font=&#8220;||||||||&#8220; ul_font=&#8220;||||||||&#8220; header_4_font=&#8220;Rob-Regular||||||||&#8220; header_4_text_color=&#8220;gcid-1c7810c3-3311-49a9-b930-97ea13cb0748&#8243; header_5_font=&#8220;Rob-Regular|||on|||||&#8220; header_5_font_size=&#8220;1.1em&#8220; custom_margin=&#8220;||20px||false|false&#8220; custom_padding=&#8220;||0px||false|false&#8220; header_3_font_size_tablet=&#8220;&#8220; header_3_font_size_phone=&#8220;1.75em&#8220; header_3_font_size_last_edited=&#8220;on|tablet&#8220; header_5_font_size_phone=&#8220;1.15em&#8220; header_5_font_size_last_edited=&#8220;off|desktop&#8220; global_colors_info=&#8220;{%22gcid-1c7810c3-3311-49a9-b930-97ea13cb0748%22:%91%22header_4_text_color%22,%22header_4_text_color%22%93}&#8220;]<\/p>\n<p>Entdecke mit uns die spannende Welt des internationalen Au\u00dfenhandels! W\u00e4hrend deiner Ausbildung in der MCC &#8211; Menssing Chemiehandel &amp; Consultants GmbH lernst du alle zentralen Bereiche eines global agierenden Chemiehandelsunternehmens kennen. Dazu geh\u00f6ren unter anderem Einkauf, Vertrieb, Logistik sowie kaufm\u00e4nnische Abl\u00e4ufe.<br \/>Vom ersten Tag an erh\u00e4ltst du Einblick in reale Gesch\u00e4ftsprozesse und \u00fcbernimmst verantwortungsvolle Aufgaben \u2013 immer begleitet von unserem erfahrenen Team und unserem zertifizierten Ausbilder (AEVO). Dabei arbeitest du t\u00e4glich mit Kunden, Lieferanten und Partnern aus aller Welt zusammen und w\u00e4chst Schritt f\u00fcr Schritt in internationale Handelsabl\u00e4ufe hinein.<\/p>\n<p>Nach deiner Ausbildung bist du bestens darauf vorbereitet, global mit chemischen Produkten zu handeln, komplexe Lieferketten zu steuern und anspruchsvolle kaufm\u00e4nnische Aufgaben zu \u00fcbernehmen. Damit legst du bei MCC die Grundlage f\u00fcr eine Karriere mit echter Perspektive &#8211; bei uns im Unternehmen oder in der internationalen Chemiebranche.<\/p>\n<p>[\/et_pb_text][et_pb_text _builder_version=&#8220;4.27.5&#8243; _module_preset=&#8220;default&#8220; link_font=&#8220;||||||||&#8220; ul_font=&#8220;||||||||&#8220; header_3_font=&#8220;Head-Regular|||on|||||&#8220; header_3_text_color=&#8220;gcid-1c7810c3-3311-49a9-b930-97ea13cb0748&#8243; header_3_font_size=&#8220;1.5em&#8220; header_4_font=&#8220;Rob-Regular||||||||&#8220; header_4_text_color=&#8220;gcid-1c7810c3-3311-49a9-b930-97ea13cb0748&#8243; header_5_font=&#8220;Rob-Regular|||on|||||&#8220; header_5_font_size=&#8220;1.1em&#8220; custom_margin=&#8220;||0px||false|false&#8220; custom_padding=&#8220;||||false|false&#8220; header_3_font_size_tablet=&#8220;1.25em&#8220; header_3_font_size_phone=&#8220;1.25em&#8220; header_3_font_size_last_edited=&#8220;on|desktop&#8220; global_colors_info=&#8220;{%22gcid-1c7810c3-3311-49a9-b930-97ea13cb0748%22:%91%22header_4_text_color%22,%22header_3_text_color%22,%22header_4_text_color%22,%22header_4_text_color%22%93}&#8220;]<\/p>\n<h3>Was dich erwartet:<\/h3>\n<p>[\/et_pb_text][et_pb_text _builder_version=&#8220;4.27.4&#8243; _module_preset=&#8220;default&#8220; link_font=&#8220;||||||||&#8220; ul_font=&#8220;||||||||&#8220; header_4_font=&#8220;Rob-Regular||||||||&#8220; header_4_text_color=&#8220;gcid-1c7810c3-3311-49a9-b930-97ea13cb0748&#8243; header_5_font=&#8220;Rob-Regular|||on|||||&#8220; header_5_font_size=&#8220;1.1em&#8220; custom_margin=&#8220;||20px||false|false&#8220; custom_padding=&#8220;||0px||false|false&#8220; header_3_font_size_tablet=&#8220;&#8220; header_3_font_size_phone=&#8220;1.75em&#8220; header_3_font_size_last_edited=&#8220;on|tablet&#8220; header_5_font_size_phone=&#8220;1.15em&#8220; header_5_font_size_last_edited=&#8220;off|desktop&#8220; global_colors_info=&#8220;{%22gcid-1c7810c3-3311-49a9-b930-97ea13cb0748%22:%91%22header_4_text_color%22,%22header_4_text_color%22%93}&#8220;]<\/p>\n<p>In deiner Ausbildung lernst du alle zentralen Bereiche des Gro\u00df- und Au\u00dfenhandels kennen:<\/p>\n<ul>\n<li>Einkauf &amp; Lieferantenmanagement<br \/><em>Angebote vergleichen, Bestellungen planen, mit internationalen Partnern verhandeln<\/em><\/li>\n<li>Vertrieb &amp; Kundenkontakt<br \/><em>Auftr\u00e4ge bearbeiten, Preise kalkulieren, Liefertermine koordinieren<\/em><\/li>\n<li>Logistik &amp; Warenfluss<br \/><em>Transportwege planen, Zollprozesse verstehen, Lieferketten steuern<\/em><\/li>\n<li>Administration &amp; Datenmanagement<br \/><em>Dokumente erstellen, Warenbewegungen im System pflegen<\/em><\/li>\n<\/ul>\n<p>Du arbeitest von Anfang an im echten Tagesgesch\u00e4ft mit und erh\u00e4ltst tiefen Einblick in ein spannendes, internationales Umfeld.<\/p>\n<p>[\/et_pb_text][et_pb_text _builder_version=&#8220;4.27.5&#8243; _module_preset=&#8220;default&#8220; link_font=&#8220;||||||||&#8220; ul_font=&#8220;||||||||&#8220; header_3_font=&#8220;Head-Regular|||on|||||&#8220; header_3_text_color=&#8220;gcid-1c7810c3-3311-49a9-b930-97ea13cb0748&#8243; header_3_font_size=&#8220;1.5em&#8220; header_4_font=&#8220;Rob-Regular||||||||&#8220; header_4_text_color=&#8220;gcid-1c7810c3-3311-49a9-b930-97ea13cb0748&#8243; header_5_font=&#8220;Rob-Regular|||on|||||&#8220; header_5_font_size=&#8220;1.1em&#8220; custom_margin=&#8220;||0px||false|false&#8220; custom_padding=&#8220;||||false|false&#8220; header_3_font_size_tablet=&#8220;1.25em&#8220; header_3_font_size_phone=&#8220;1.25em&#8220; header_3_font_size_last_edited=&#8220;on|desktop&#8220; global_colors_info=&#8220;{%22gcid-1c7810c3-3311-49a9-b930-97ea13cb0748%22:%91%22header_4_text_color%22,%22header_3_text_color%22,%22header_4_text_color%22,%22header_4_text_color%22%93}&#8220;]<\/p>\n<h3>Deine Vorteile bei MCC:<\/h3>\n<p>[\/et_pb_text][et_pb_text _builder_version=&#8220;4.27.4&#8243; _module_preset=&#8220;default&#8220; link_font=&#8220;||||||||&#8220; ul_font=&#8220;||||||||&#8220; header_4_font=&#8220;Rob-Regular||||||||&#8220; header_4_text_color=&#8220;gcid-1c7810c3-3311-49a9-b930-97ea13cb0748&#8243; header_5_font=&#8220;Rob-Regular|||on|||||&#8220; header_5_font_size=&#8220;1.1em&#8220; custom_margin=&#8220;||0px||false|false&#8220; custom_padding=&#8220;||0px||false|false&#8220; header_3_font_size_tablet=&#8220;&#8220; header_3_font_size_phone=&#8220;1.75em&#8220; header_3_font_size_last_edited=&#8220;on|tablet&#8220; global_colors_info=&#8220;{%22gcid-1c7810c3-3311-49a9-b930-97ea13cb0748%22:%91%22header_4_text_color%22,%22header_4_text_color%22,%22header_4_text_color%22,%22header_4_text_color%22%93}&#8220;]<\/p>\n<ul>\n<li>Individuelle Betreuung zertifizierter IHK-Ausbilder (AEVO)<\/li>\n<li>Praxisnahes Lernen in Einkauf, Vertrieb und Logistik<\/li>\n<li>Internationale Perspektiven im chemischen Gro\u00dfhandel<\/li>\n<li>Flexible Arbeitszeiten &amp; modernes Arbeitsumfeld<\/li>\n<li>HVV-Zuschuss &amp; Benefits wie gemeinsame Team-Events<\/li>\n<li>M\u00f6glichkeit zur Ausbildungsverk\u00fcrzung bei guten Leistungen<\/li>\n<li>Gute \u00dcbernahmechancen nach erfolgreichem Abschluss<\/li>\n<\/ul>\n<p>[\/et_pb_text][et_pb_text _builder_version=&#8220;4.27.5&#8243; _module_preset=&#8220;default&#8220; link_font=&#8220;||||||||&#8220; ul_font=&#8220;||||||||&#8220; header_3_font=&#8220;Head-Regular|||on|||||&#8220; header_3_text_color=&#8220;gcid-1c7810c3-3311-49a9-b930-97ea13cb0748&#8243; header_3_font_size=&#8220;1.5em&#8220; header_4_font=&#8220;Rob-Regular||||||||&#8220; header_4_text_color=&#8220;gcid-1c7810c3-3311-49a9-b930-97ea13cb0748&#8243; header_5_font=&#8220;Rob-Regular|||on|||||&#8220; header_5_font_size=&#8220;1.1em&#8220; custom_margin=&#8220;||0px||false|false&#8220; custom_padding=&#8220;||||false|false&#8220; header_3_font_size_tablet=&#8220;1.25em&#8220; header_3_font_size_phone=&#8220;1.25em&#8220; header_3_font_size_last_edited=&#8220;on|desktop&#8220; global_colors_info=&#8220;{%22gcid-1c7810c3-3311-49a9-b930-97ea13cb0748%22:%91%22header_4_text_color%22,%22header_3_text_color%22,%22header_4_text_color%22,%22header_4_text_color%22%93}&#8220;]<\/p>\n<h3>Das bringst du mit:<\/h3>\n<p>[\/et_pb_text][et_pb_text _builder_version=&#8220;4.27.4&#8243; _module_preset=&#8220;default&#8220; link_font=&#8220;||||||||&#8220; ul_font=&#8220;||||||||&#8220; header_4_font=&#8220;Rob-Regular||||||||&#8220; header_4_text_color=&#8220;gcid-1c7810c3-3311-49a9-b930-97ea13cb0748&#8243; header_5_font=&#8220;Rob-Regular|||on|||||&#8220; header_5_font_size=&#8220;1.1em&#8220; custom_margin=&#8220;||0px||false|false&#8220; custom_padding=&#8220;||0px||false|false&#8220; header_3_font_size_tablet=&#8220;&#8220; header_3_font_size_phone=&#8220;1.75em&#8220; header_3_font_size_last_edited=&#8220;on|tablet&#8220; header_5_font_size_phone=&#8220;1.15em&#8220; header_5_font_size_last_edited=&#8220;off|desktop&#8220; global_colors_info=&#8220;{%22gcid-1c7810c3-3311-49a9-b930-97ea13cb0748%22:%91%22header_4_text_color%22,%22header_4_text_color%22%93}&#8220;]<\/p>\n<ul>\n<li>(Fach-)Abitur oder einen guten Realschulabschluss<\/li>\n<li>Interesse an internationalen Handelsprozessen<\/li>\n<li>Gute Englischkenntnisse, weitere Sprachen von Vorteil<\/li>\n<li>Freude an Organisation, Kommunikation und Zahlen<\/li>\n<li>Offenheit, Neugier und Lust, Verantwortung zu \u00fcbernehmen<\/li>\n<\/ul>\n<p>[\/et_pb_text][et_pb_text _builder_version=&#8220;4.27.5&#8243; _module_preset=&#8220;default&#8220; link_font=&#8220;||||||||&#8220; ul_font=&#8220;||||||||&#8220; header_3_font=&#8220;Head-Regular|||on|||||&#8220; header_3_text_color=&#8220;gcid-1c7810c3-3311-49a9-b930-97ea13cb0748&#8243; header_3_font_size=&#8220;1.5em&#8220; header_4_font=&#8220;Rob-Regular||||||||&#8220; header_4_text_color=&#8220;gcid-1c7810c3-3311-49a9-b930-97ea13cb0748&#8243; header_5_font=&#8220;Rob-Regular|||on|||||&#8220; header_5_font_size=&#8220;1.1em&#8220; custom_margin=&#8220;||0px||false|false&#8220; custom_padding=&#8220;||||false|false&#8220; header_3_font_size_tablet=&#8220;1.25em&#8220; header_3_font_size_phone=&#8220;1.25em&#8220; header_3_font_size_last_edited=&#8220;on|desktop&#8220; global_colors_info=&#8220;{%22gcid-1c7810c3-3311-49a9-b930-97ea13cb0748%22:%91%22header_4_text_color%22,%22header_3_text_color%22,%22header_4_text_color%22,%22header_4_text_color%22%93}&#8220;]<\/p>\n<h3>Dein Weg zu MCC:<\/h3>\n<p>[\/et_pb_text][et_pb_text _builder_version=&#8220;4.27.5&#8243; _module_preset=&#8220;default&#8220; link_font=&#8220;||||||||&#8220; ul_font=&#8220;||||||||&#8220; header_4_font=&#8220;Rob-Regular||||||||&#8220; header_4_text_color=&#8220;gcid-1c7810c3-3311-49a9-b930-97ea13cb0748&#8243; header_5_font=&#8220;Rob-Regular|||on|||||&#8220; header_5_font_size=&#8220;1.1em&#8220; custom_margin=&#8220;-10px||||false|false&#8220; custom_padding=&#8220;0px||1em||false|false&#8220; header_3_font_size_tablet=&#8220;&#8220; header_3_font_size_phone=&#8220;1.75em&#8220; header_3_font_size_last_edited=&#8220;on|tablet&#8220; header_5_font_size_phone=&#8220;1.15em&#8220; header_5_font_size_last_edited=&#8220;off|desktop&#8220; global_colors_info=&#8220;{%22gcid-1c7810c3-3311-49a9-b930-97ea13cb0748%22:%91%22header_4_text_color%22,%22header_4_text_color%22%93}&#8220;]<\/p>\n<ul><\/ul>\n<p>Bewirb dich jetzt und starte deine Ausbildung im internationalen Handel!<br \/>Schick uns deine Bewerbungsunterlagen (Anschreiben, Lebenslauf, Zeugnisse) an:<br \/><strong><a href=\"mailto:karriere@mcc-hamburg.de\" title=\"karriere@mcc-hamburg.de\">karriere@mcc-hamburg.de<\/a><\/strong><\/p>\n<p><strong>MCC &#8211; Menssing Chemiehandel &amp; Consultants GmbH<\/strong><br \/><strong>Handel mit Verantwortung. Ausbildung mit Zukunft.<\/strong><\/p>\n<p>[\/et_pb_text][\/et_pb_column][\/et_pb_row][\/et_pb_section]<\/p>\n","protected":false},"excerpt":{"rendered":"<p>Kaufleute f\u00fcr Gro\u00df- und Au\u00dfenhandelsmanagement (m\/w\/d) Schwerpunkt: Au\u00dfenhandel Industrie \/ Gewerbe: Chemie Ausbildungsdauer: 3 Jahre Basislohn: \u20ac 1.200 bis \u20ac 1.500,- Standort: 22301 Hamburg Start: August 2026 Entdecke mit uns die spannende Welt des internationalen Au\u00dfenhandels! W\u00e4hrend deiner Ausbildung in der MCC &#8211; Menssing Chemiehandel &amp; Consultants GmbH lernst du alle zentralen Bereiche eines global [&hellip;]<\/p>\n","protected":false},"author":1,"featured_media":0,"parent":0,"menu_order":0,"comment_status":"closed","ping_status":"closed","template":"","meta":{"_acf_changed":false,"_et_pb_use_builder":"on","_et_pb_old_content":"","_et_gb_content_width":"","footnotes":""},"class_list":["post-244873","page","type-page","status-publish","hentry"],"acf":[],"_links":{"self":[{"href":"https:\/\/mcc-hamburg.de\/en\/wp-json\/wp\/v2\/pages\/244873","targetHints":{"allow":["GET"]}}],"collection":[{"href":"https:\/\/mcc-hamburg.de\/en\/wp-json\/wp\/v2\/pages"}],"about":[{"href":"https:\/\/mcc-hamburg.de\/en\/wp-json\/wp\/v2\/types\/page"}],"author":[{"embeddable":true,"href":"https:\/\/mcc-hamburg.de\/en\/wp-json\/wp\/v2\/users\/1"}],"replies":[{"embeddable":true,"href":"https:\/\/mcc-hamburg.de\/en\/wp-json\/wp\/v2\/comments?post=244873"}],"version-history":[{"count":8,"href":"https:\/\/mcc-hamburg.de\/en\/wp-json\/wp\/v2\/pages\/244873\/revisions"}],"predecessor-version":[{"id":245020,"href":"https:\/\/mcc-hamburg.de\/en\/wp-json\/wp\/v2\/pages\/244873\/revisions\/245020"}],"wp:attachment":[{"href":"https:\/\/mcc-hamburg.de\/en\/wp-json\/wp\/v2\/media?parent=244873"}],"curies":[{"name":"wp","href":"https:\/\/api.w.org\/{rel}","templated":true}]}}