{"id":238934,"date":"2023-07-25T10:17:35","date_gmt":"2023-07-25T08:17:35","guid":{"rendered":"https:\/\/mcc-hamburg.de\/?page_id=238934"},"modified":"2024-07-16T10:09:24","modified_gmt":"2024-07-16T08:09:24","slug":"liquids-lubricants","status":"publish","type":"page","link":"https:\/\/mcc-hamburg.de\/en\/liquids-lubricants\/","title":{"rendered":"Liquids &#038; Lubricants"},"content":{"rendered":"<p>[et_pb_section fb_built=&#8220;1&#8243; fullwidth=&#8220;on&#8220; _builder_version=&#8220;4.16&#8243; _module_preset=&#8220;default&#8220; custom_margin=&#8220;||||false|false&#8220; custom_css_main_element=&#8220;overflow:hidden;&#8220; da_disable_devices=&#8220;off|off|off&#8220; locked=&#8220;off&#8220; collapsed=&#8220;on&#8220; global_colors_info=&#8220;{}&#8220; custom_css_before__hover_enabled=&#8220;off|desktop&#8220; da_is_popup=&#8220;off&#8220; da_exit_intent=&#8220;off&#8220; da_has_close=&#8220;on&#8220; da_alt_close=&#8220;off&#8220; da_dark_close=&#8220;off&#8220; da_not_modal=&#8220;on&#8220; da_is_singular=&#8220;off&#8220; da_with_loader=&#8220;off&#8220; da_has_shadow=&#8220;on&#8220;][et_pb_fullwidth_slider show_arrows=&#8220;off&#8220; show_pagination=&#8220;off&#8220; show_image_video_mobile=&#8220;on&#8220; arrows_custom_color=&#8220;#ffffff&#8220; dot_nav_custom_color=&#8220;#ffffff&#8220; module_class=&#8220;ken-burns-effect-ap-right&#8220; _builder_version=&#8220;4.21.0&#8243; _module_preset=&#8220;default&#8220; header_font=&#8220;|200||on|||||&#8220; header_text_color=&#8220;#ffffff&#8220; header_font_size=&#8220;80px&#8220; header_letter_spacing=&#8220;-3px&#8220; header_line_height=&#8220;1.5em&#8220; body_font=&#8220;||||||||&#8220; body_text_color=&#8220;#ffffff&#8220; body_font_size=&#8220;15px&#8220; body_line_height=&#8220;1.8em&#8220; custom_button=&#8220;on&#8220; button_text_size=&#8220;14px&#8220; button_text_color=&#8220;#ffffff&#8220; button_bg_color=&#8220;#000000&#8243; button_border_width=&#8220;0px&#8220; button_border_color=&#8220;#ffffff&#8220; button_border_radius=&#8220;0px&#8220; button_letter_spacing=&#8220;1px&#8220; button_font=&#8220;Poppins|||on|||||&#8220; button_icon=&#8220;%%3%%&#8220; button_icon_color=&#8220;#ffffff&#8220; button_alignment=&#8220;center&#8220; button_custom_margin=&#8220;34px||||false|false&#8220; button_custom_margin_tablet=&#8220;&#8220; button_custom_margin_phone=&#8220;20px||20px||false|false&#8220; button_custom_margin_last_edited=&#8220;on|phone&#8220; button_custom_padding=&#8220;17px|30px|17px|30px|true|true&#8220; button_custom_padding_tablet=&#8220;&#8220; button_custom_padding_phone=&#8220;13px|17px|13px|17px|true|true&#8220; button_custom_padding_last_edited=&#8220;on|phone&#8220; content_width=&#8220;100%&#8220; min_height=&#8220;40vh&#8220; min_height_tablet=&#8220;30vh&#8220; min_height_phone=&#8220;21vh&#8220; min_height_last_edited=&#8220;on|phone&#8220; height=&#8220;40vh&#8220; height_tablet=&#8220;30vh&#8220; height_phone=&#8220;21vh&#8220; height_last_edited=&#8220;on|desktop&#8220; max_height=&#8220;40vh&#8220; max_height_tablet=&#8220;30vh&#8220; max_height_phone=&#8220;21vh&#8220; max_height_last_edited=&#8220;on|desktop&#8220; custom_padding=&#8220;0px||0px||true|false&#8220; custom_padding_tablet=&#8220;0px||0px||true|false&#8220; custom_padding_phone=&#8220;0px||0px||true|false&#8220; custom_padding_last_edited=&#8220;on|desktop&#8220; auto=&#8220;on&#8220; auto_speed=&#8220;20000&#8243; auto_ignore_hover=&#8220;on&#8220; header_font_size_tablet=&#8220;60px&#8220; header_font_size_phone=&#8220;42px&#8220; header_font_size_last_edited=&#8220;on|desktop&#8220; header_letter_spacing_tablet=&#8220;&#8220; header_letter_spacing_phone=&#8220;-2px&#8220; header_letter_spacing_last_edited=&#8220;on|tablet&#8220; body_font_size_tablet=&#8220;&#8220; body_font_size_phone=&#8220;14px&#8220; body_font_size_last_edited=&#8220;on|phone&#8220; body_line_height_tablet=&#8220;&#8220; body_line_height_phone=&#8220;1.6em&#8220; body_line_height_last_edited=&#8220;on|phone&#8220; button_text_size_tablet=&#8220;&#8220; button_text_size_phone=&#8220;12px&#8220; button_text_size_last_edited=&#8220;on|phone&#8220; custom_css_slide_description=&#8220;animation-name: none !important;&#8220; custom_css_slide_title=&#8220;animation-name: none !important;&#8220; custom_css_slide_button=&#8220;animation-name: none !important;&#8220; custom_css_slide_controllers=&#8220;animation-name: none !important;&#8220; custom_css_slide_image=&#8220;animation-name: none !important;&#8220; global_colors_info=&#8220;{}&#8220; button_text_color__hover=&#8220;#ffffff&#8220; button_text_color__hover_enabled=&#8220;on|hover&#8220; button_bg_color__hover=&#8220;#000000&#8243; button_bg_color__hover_enabled=&#8220;on|hover&#8220; button_border_color__hover=&#8220;#bfbfbf&#8220; button_border_color__hover_enabled=&#8220;on&#8220; button_letter_spacing__hover=&#8220;2px&#8220; button_letter_spacing__hover_enabled=&#8220;on|hover&#8220; transform_styles__hover_enabled=&#8220;off|hover&#8220; custom_css_slide_image__hover_enabled=&#8220;off|desktop&#8220; custom_css_before__hover_enabled=&#8220;off|hover&#8220; custom_css_main_element__hover_enabled=&#8220;off|hover&#8220; custom_css_slide_description__hover_enabled=&#8220;off|desktop&#8220; button_bg_enable_color__hover=&#8220;on&#8220;][et_pb_slide image=&#8220;https:\/\/mcc-hamburg.de\/website\/wp-content\/uploads\/mcc-menssing-chemiehandel-liquids-lubricants-w.svg&#8220; content_tablet=&#8220;&#8220; content_phone=&#8220;&#8220; content_last_edited=&#8220;on|phone&#8220; _builder_version=&#8220;4.21.0&#8243; _module_preset=&#8220;default&#8220; header_font=&#8220;Poppins|200||on|||||&#8220; header_text_color=&#8220;#ffffff&#8220; header_font_size=&#8220;80px&#8220; header_letter_spacing=&#8220;-3px&#8220; header_line_height=&#8220;1.5em&#8220; body_font=&#8220;||||||||&#8220; body_text_color=&#8220;#ffffff&#8220; body_font_size=&#8220;15px&#8220; body_line_height=&#8220;1.8em&#8220; background_color=&#8220;#383838&#8243; background_enable_color=&#8220;on&#8220; background_image=&#8220;https:\/\/mcc-hamburg.de\/website\/wp-content\/uploads\/mcc-menssing-chemiehandel-liquids-lubricants-head-05.jpg&#8220; background_enable_image=&#8220;on&#8220; parallax=&#8220;on&#8220; parallax_method=&#8220;off&#8220; hover_transition_duration=&#8220;0ms&#8220; header_font_size_tablet=&#8220;60px&#8220; header_font_size_phone=&#8220;42px&#8220; header_font_size_last_edited=&#8220;on|phone&#8220; header_letter_spacing_tablet=&#8220;&#8220; header_letter_spacing_phone=&#8220;-2px&#8220; header_letter_spacing_last_edited=&#8220;on|tablet&#8220; body_font_size_tablet=&#8220;&#8220; body_font_size_phone=&#8220;30px&#8220; body_font_size_last_edited=&#8220;on|desktop&#8220; body_line_height_tablet=&#8220;&#8220; body_line_height_phone=&#8220;1.6em&#8220; body_line_height_last_edited=&#8220;on|phone&#8220; custom_css_slide_image=&#8220;width:100%;&#8220; global_colors_info=&#8220;{}&#8220; sticky_transition=&#8220;on&#8220;][\/et_pb_slide][et_pb_slide image=&#8220;https:\/\/2023.mcc-hamburg.de\/wp-content\/uploads\/mcc-menssing-chemiehandel-creating-new-ideas.svg&#8220; content_tablet=&#8220;&#8220; content_phone=&#8220;&#8220; content_last_edited=&#8220;on|phone&#8220; _builder_version=&#8220;4.21.0&#8243; _module_preset=&#8220;default&#8220; header_font=&#8220;Poppins|200||on|||||&#8220; header_text_color=&#8220;#ffffff&#8220; header_font_size=&#8220;80px&#8220; header_letter_spacing=&#8220;-3px&#8220; header_line_height=&#8220;1.5em&#8220; body_font=&#8220;Open Sans||||||||&#8220; body_text_color=&#8220;#ffffff&#8220; body_font_size=&#8220;15px&#8220; body_line_height=&#8220;1.8em&#8220; background_color=&#8220;#383838&#8243; background_enable_color=&#8220;on&#8220; background_image=&#8220;https:\/\/mcc-hamburg.de\/website\/wp-content\/uploads\/mcc-menssing-chemiehandel-liquids-lubricants-head-06.jpg&#8220; background_enable_image=&#8220;on&#8220; parallax=&#8220;on&#8220; parallax_method=&#8220;off&#8220; header_font_size_tablet=&#8220;60px&#8220; header_font_size_phone=&#8220;42px&#8220; header_font_size_last_edited=&#8220;on|phone&#8220; header_letter_spacing_tablet=&#8220;&#8220; header_letter_spacing_phone=&#8220;-2px&#8220; header_letter_spacing_last_edited=&#8220;on|tablet&#8220; body_font_size_tablet=&#8220;&#8220; body_font_size_phone=&#8220;14px&#8220; body_font_size_last_edited=&#8220;on|desktop&#8220; body_line_height_tablet=&#8220;&#8220; body_line_height_phone=&#8220;1.6em&#8220; body_line_height_last_edited=&#8220;on|phone&#8220; custom_css_slide_image=&#8220;width:100%;&#8220; global_colors_info=&#8220;{}&#8220; sticky_transition=&#8220;on&#8220;][\/et_pb_slide][\/et_pb_fullwidth_slider][\/et_pb_section][et_pb_section fb_built=&#8220;1&#8243; _builder_version=&#8220;4.21.0&#8243; _module_preset=&#8220;default&#8220; background_color=&#8220;gcid-14adc35a-f565-4dd9-ae6d-e0197fd41b31&#8243; custom_padding=&#8220;||4px|||&#8220; da_disable_devices=&#8220;off|off|off&#8220; global_colors_info=&#8220;{%22gcid-14adc35a-f565-4dd9-ae6d-e0197fd41b31%22:%91%22background_color%22%93}&#8220; da_is_popup=&#8220;off&#8220; da_exit_intent=&#8220;off&#8220; da_has_close=&#8220;on&#8220; da_alt_close=&#8220;off&#8220; da_dark_close=&#8220;off&#8220; da_not_modal=&#8220;on&#8220; da_is_singular=&#8220;off&#8220; da_with_loader=&#8220;off&#8220; da_has_shadow=&#8220;on&#8220;][et_pb_row _builder_version=&#8220;4.20.2&#8243; _module_preset=&#8220;default&#8220; global_colors_info=&#8220;{}&#8220;][et_pb_column type=&#8220;4_4&#8243; _builder_version=&#8220;4.20.2&#8243; _module_preset=&#8220;default&#8220; global_colors_info=&#8220;{}&#8220;][et_pb_blurb title=&#8220;Liquids &#038; Lubricants&#8220; image=&#8220;https:\/\/mcc-hamburg.de\/website\/wp-content\/uploads\/mcc-menssing-product-icon-liquids-lubricants.svg&#8220; alt=&#8220;MCC Menssing Chemiehandel &#038; Consultants Liquids Lubricants Icon&#8220; image_icon_width=&#8220;3em&#8220; title_tablet=&#8220;Antioxidants&#8220; title_phone=&#8220;Antioxidants&#8220; title_last_edited=&#8220;off|desktop&#8220; image_icon_width_tablet=&#8220;3em&#8220; image_icon_width_phone=&#8220;2em&#8220; image_icon_width_last_edited=&#8220;on|phone&#8220; _builder_version=&#8220;4.25.2&#8243; _module_preset=&#8220;default&#8220; header_font=&#8220;|||on|||||&#8220; header_font_size=&#8220;3em&#8220; image_icon_custom_padding=&#8220;||||false|false&#8220; custom_padding=&#8220;||0em||false|false&#8220; animation=&#8220;left&#8220; header_font_size_tablet=&#8220;3em&#8220; header_font_size_phone=&#8220;2em&#8220; header_font_size_last_edited=&#8220;on|desktop&#8220; global_colors_info=&#8220;{}&#8220;][\/et_pb_blurb][\/et_pb_column][\/et_pb_row][et_pb_row _builder_version=&#8220;4.20.2&#8243; _module_preset=&#8220;default&#8220; custom_padding=&#8220;2px|||||&#8220; global_colors_info=&#8220;{}&#8220;][et_pb_column type=&#8220;4_4&#8243; _builder_version=&#8220;4.20.2&#8243; _module_preset=&#8220;default&#8220; global_colors_info=&#8220;{}&#8220;][et_pb_text _builder_version=&#8220;4.25.2&#8243; _module_preset=&#8220;default&#8220; link_font=&#8220;||||||||&#8220; ul_font=&#8220;||||||||&#8220; header_3_font_size=&#8220;1.5em&#8220; header_4_font=&#8220;Rob-Regular||||||||&#8220; header_4_text_color=&#8220;gcid-1c7810c3-3311-49a9-b930-97ea13cb0748&#8243; header_5_font=&#8220;Rob-Regular|||on|||||&#8220; header_5_font_size=&#8220;1.1em&#8220; custom_margin=&#8220;||0px||false|false&#8220; header_3_font_size_tablet=&#8220;&#8220; header_3_font_size_phone=&#8220;1.35em&#8220; header_3_font_size_last_edited=&#8220;on|phone&#8220; header_5_font_size_phone=&#8220;1.15em&#8220; header_5_font_size_last_edited=&#8220;off|desktop&#8220; global_colors_info=&#8220;{%22gcid-1c7810c3-3311-49a9-b930-97ea13cb0748%22:%91%22header_4_text_color%22,%22header_4_text_color%22%93}&#8220;]<\/p>\n<h3 style=\"text-align: left;\">TECHNOLOGIE F\u00dcR DEN GESAMTEN PRODUKTIONSPROZESS<\/h3>\n<p style=\"text-align: justify;\">Mit unserem Partner Petrofer sind wir einer der weltweit f\u00fchrenden Anbieter hochwertiger und innovativer Schmierstoffe und Spezialfl\u00fcssigkeiten. Als zertifizierter Prozessexperte beliefern wir Kunden auf der ganzen Welt mit einem umfassenden Sortiment von etwa 600 Premium-Produkten. Mit unserem Wissen \u00fcber alle verschiedenen Prozesse in der modernen Industriewelt, k\u00f6nnen wir unser Fachwissen \u00fcber die Versorgung mit Prozessfl\u00fcssigkeiten anbieten.<\/p>\n<p style=\"text-align: justify;\">Alle Industriechemikalien bed\u00fcrfen einer sorgf\u00e4ltigen Abw\u00e4gung hinsichtlich ihrer Eignung und Vertr\u00e4glichkeit zueinander, zur Anlage, zur Umwelt, zur Entsorgung, zum Anwender und zum nachfolgenden Prozess. Nach umfangreichen Untersuchungen, Produktempfehlungen und Schulungen unterst\u00fctzen wir den Kunden jederzeit mit dem Ergebnis st\u00e4ndiger Verbesserung.<\/p>\n<p style=\"text-align: justify;\">Unsere Produkte haben in vielen M\u00e4rkten Spitzenpositionen eingenommen. Der breitgef\u00e4cherte Kundenkreis umfasst bekannte Unternehmen aus der Automobilindustrie und deren Zulieferer, der W\u00e4rmebehandlungs-, Papier-\/Tissueindustrie, sowie aus vielf\u00e4ltigen anderen Industriesektoren, von Uhreneinbauten bis hinzu Draht f\u00fcr Satelliten. Auf Nachfrage werden Produktl\u00f6sungen kundenspezifisch angepasst und entwickelt.<\/p>\n<p>[\/et_pb_text][\/et_pb_column][\/et_pb_row][et_pb_row _builder_version=&#8220;4.21.0&#8243; _module_preset=&#8220;default&#8220; custom_padding=&#8220;0px||||false|false&#8220; global_colors_info=&#8220;{}&#8220;][et_pb_column type=&#8220;4_4&#8243; _builder_version=&#8220;4.21.0&#8243; _module_preset=&#8220;default&#8220; global_colors_info=&#8220;{}&#8220;][et_pb_text disabled_on=&#8220;off|off|off&#8220; _builder_version=&#8220;4.21.0&#8243; _module_preset=&#8220;default&#8220; link_font=&#8220;||||||||&#8220; ul_font=&#8220;||||||||&#8220; header_4_font=&#8220;Rob-Regular||||||||&#8220; header_4_text_color=&#8220;gcid-1c7810c3-3311-49a9-b930-97ea13cb0748&#8243; header_5_font=&#8220;Head-Regular|||on|||||&#8220; header_5_text_color=&#8220;gcid-1c7810c3-3311-49a9-b930-97ea13cb0748&#8243; header_5_line_height=&#8220;1.4em&#8220; custom_margin=&#8220;0px||0px||false|false&#8220; custom_margin_tablet=&#8220;0px||0px||false|false&#8220; custom_margin_phone=&#8220;0px||0px||false|false&#8220; custom_margin_last_edited=&#8220;on|phone&#8220; custom_padding=&#8220;0.3em|0.75em|0.3em|0.9em|false|false&#8220; header_3_font_size_tablet=&#8220;&#8220; header_3_font_size_phone=&#8220;1.75em&#8220; header_3_font_size_last_edited=&#8220;on|tablet&#8220; header_5_font_size_phone=&#8220;1.15em&#8220; header_5_font_size_last_edited=&#8220;off|desktop&#8220; global_colors_info=&#8220;{%22gcid-1c7810c3-3311-49a9-b930-97ea13cb0748%22:%91%22button_bg_color%22,%22button_border_color%22,%22button_border_color%22,%22border_color_all__hover%22,%22button_bg_color__hover%22,%22header_4_text_color%22,%22header_5_text_color%22%93,%22gcid-a9c76330-2a24-4de9-b02c-6c171709c771%22:%91%22button_bg_color__hover%22,%22form_field_text_color%22,%22form_field_focus_text_color%22,%22form_field_text_color%22,%22form_field_focus_text_color%22,%22form_field_text_color%22,%22form_field_focus_text_color%22%93,%22gcid-55b5526f-3c22-4d6c-8c4f-38758d307fd6%22:%91%22form_field_focus_background_color%22,%22form_field_focus_background_color%22%93,%22gcid-14adc35a-f565-4dd9-ae6d-e0197fd41b31%22:%91%22form_field_background_color%22%93}&#8220; button_text_color__hover_enabled=&#8220;on|hover&#8220; button_border_color__hover=&#8220;#000000&#8243; button_border_color__hover_enabled=&#8220;on|hover&#8220; button_text_color__hover=&#8220;#FFFFFF&#8220;]<\/p>\n<h5 style=\"text-align: justify;\">Sprechen Sie uns an,<br \/>wir freuen uns, Ihre Ideen zu realisieren!<\/h5>\n<p>[\/et_pb_text][et_pb_button button_url=&#8220;@ET-DC@eyJkeW5hbWljIjp0cnVlLCJjb250ZW50IjoicG9zdF9saW5rX3VybF9wYWdlIiwic2V0dGluZ3MiOnsicG9zdF9pZCI6IjIzNzcxMiJ9fQ==@&#8220; button_text=&#8220;Kontakt&#8220; _builder_version=&#8220;4.25.2&#8243; _dynamic_attributes=&#8220;button_url&#8220; _module_preset=&#8220;65df8b52-f9ff-4b66-8d69-f23085e3faaf&#8220; button_bg_color=&#8220;#FFFFFF&#8220; locked=&#8220;off&#8220; global_colors_info=&#8220;{%22gcid-1c7810c3-3311-49a9-b930-97ea13cb0748%22:%91%22button_bg_color%22,%22button_border_color%22,%22button_bg_color%22,%22button_border_color%22,%22button_border_color%22,%22button_border_color%22,%22button_border_color%22,%22button_border_color%22,%22border_color_all__hover%22,%22button_border_color%22,%22button_border_color%22,%22button_border_color%22,%22border_color_all__hover%22,%22button_border_color%22,%22button_border_color%22,%22button_border_color%22,%22border_color_all__hover%22,%22button_border_color%22,%22button_border_color%22,%22border_color_all__hover%22,%22button_bg_color__hover%22%93,%22gcid-a9c76330-2a24-4de9-b02c-6c171709c771%22:%91%22button_bg_color__hover%22,%22button_bg_color__hover%22,%22button_bg_color__hover%22,%22form_field_text_color%22,%22form_field_focus_text_color%22,%22form_field_text_color%22,%22form_field_focus_text_color%22,%22form_field_text_color%22,%22form_field_focus_text_color%22,%22form_field_text_color%22,%22form_field_focus_text_color%22,%22form_field_text_color%22,%22form_field_focus_text_color%22,%22form_field_text_color%22,%22form_field_focus_text_color%22,%22form_field_text_color%22,%22form_field_focus_text_color%22,%22form_field_text_color%22,%22form_field_focus_text_color%22,%22form_field_text_color%22,%22form_field_focus_text_color%22,%22button_bg_color__hover%22,%22form_field_text_color%22,%22form_field_focus_text_color%22,%22form_field_text_color%22,%22form_field_focus_text_color%22,%22form_field_text_color%22,%22form_field_focus_text_color%22%93,%22gcid-55b5526f-3c22-4d6c-8c4f-38758d307fd6%22:%91%22form_field_focus_background_color%22,%22form_field_focus_background_color%22,%22form_field_focus_background_color%22,%22form_field_focus_background_color%22,%22form_field_focus_background_color%22,%22form_field_focus_background_color%22,%22form_field_focus_background_color%22,%22form_field_focus_background_color%22%93,%22gcid-14adc35a-f565-4dd9-ae6d-e0197fd41b31%22:%91%22form_field_background_color%22,%22form_field_background_color%22,%22form_field_background_color%22,%22form_field_background_color%22%93,%22gcid-primary-color%22:%91%22button_bg_color__hover%22%93}&#8220;][\/et_pb_button][\/et_pb_column][\/et_pb_row][et_pb_row _builder_version=&#8220;4.20.2&#8243; _module_preset=&#8220;default&#8220; custom_padding=&#8220;2px|||||&#8220; global_colors_info=&#8220;{}&#8220;][et_pb_column type=&#8220;4_4&#8243; _builder_version=&#8220;4.20.2&#8243; _module_preset=&#8220;default&#8220; global_colors_info=&#8220;{}&#8220;][et_pb_text _builder_version=&#8220;4.22.2&#8243; _module_preset=&#8220;default&#8220; link_font=&#8220;||||||||&#8220; ul_font=&#8220;|||on|||||&#8220; header_3_font_size=&#8220;1.5em&#8220; header_4_font=&#8220;Rob-Regular||||||||&#8220; header_4_text_color=&#8220;gcid-1c7810c3-3311-49a9-b930-97ea13cb0748&#8243; header_5_font=&#8220;Rob-Regular|||on|||||&#8220; header_5_font_size=&#8220;1.1em&#8220; custom_margin=&#8220;||0px||false|false&#8220; custom_padding=&#8220;||0px||false|false&#8220; header_3_font_size_tablet=&#8220;&#8220; header_3_font_size_phone=&#8220;1.35em&#8220; header_3_font_size_last_edited=&#8220;on|tablet&#8220; header_5_font_size_phone=&#8220;1.15em&#8220; header_5_font_size_last_edited=&#8220;off|desktop&#8220; global_colors_info=&#8220;{%22gcid-1c7810c3-3311-49a9-b930-97ea13cb0748%22:%91%22header_4_text_color%22,%22header_4_text_color%22%93}&#8220;]<\/p>\n<h3 style=\"text-align: left;\">INDUSTRIELLE \u00d6LE UND CHEMIKALIEN<\/h3>\n<p style=\"text-align: justify;\">Unsere Qualit\u00e4tsprodukte sind seit vielen Jahren in der Forschung, Spezifizierung und Weiterentwicklung f\u00fcr ihre hochwertigste Verarbeitung bekannt. Als Prozesslieferant bieten wir Ihnen eine gro\u00dfe Breite an Industrieerzeugnissen von Schmiedetechnik bis hin zu Industriereinigern, die durch unseren umfassenden Service f\u00fcr Sie komplettiert wird.<\/p>\n<ul>\n<li style=\"text-align: left;\">Abschreckmedien<\/li>\n<li style=\"text-align: left;\">Druckgussmedien<\/li>\n<li style=\"text-align: left;\">Fette<\/li>\n<li style=\"text-align: left;\">Industrieschmierstoffe<\/li>\n<li style=\"text-align: left;\">Industriereiniger<\/li>\n<li style=\"text-align: left;\">Korrosionsschutzmedien<\/li>\n<li style=\"text-align: left;\">K\u00fchlschmierstoffe<\/li>\n<li style=\"text-align: left;\">Schwer entflammbare Hydraulik-Fl\u00fcssigkeiten<\/li>\n<li style=\"text-align: left;\">Umformschmierstoffe<\/li>\n<li style=\"text-align: left;\">W\u00e4rmetr\u00e4gerfl\u00fcssigkeiten<\/li>\n<\/ul>\n<p>[\/et_pb_text][\/et_pb_column][\/et_pb_row][et_pb_row _builder_version=&#8220;4.20.2&#8243; _module_preset=&#8220;default&#8220; custom_padding=&#8220;2px|||||&#8220; global_colors_info=&#8220;{}&#8220;][et_pb_column type=&#8220;4_4&#8243; _builder_version=&#8220;4.20.2&#8243; _module_preset=&#8220;default&#8220; global_colors_info=&#8220;{}&#8220;][et_pb_text _builder_version=&#8220;4.22.2&#8243; _module_preset=&#8220;default&#8220; link_font=&#8220;||||||||&#8220; ul_font=&#8220;|||on|||||&#8220; header_3_font_size=&#8220;1.5em&#8220; header_4_font=&#8220;Rob-Regular||||||||&#8220; header_4_text_color=&#8220;gcid-1c7810c3-3311-49a9-b930-97ea13cb0748&#8243; header_5_font=&#8220;Rob-Regular|||on|||||&#8220; header_5_font_size=&#8220;1.1em&#8220; custom_margin=&#8220;||0px||false|false&#8220; header_3_font_size_tablet=&#8220;&#8220; header_3_font_size_phone=&#8220;1.35em&#8220; header_3_font_size_last_edited=&#8220;on|phone&#8220; header_5_font_size_phone=&#8220;1.15em&#8220; header_5_font_size_last_edited=&#8220;off|desktop&#8220; global_colors_info=&#8220;{%22gcid-1c7810c3-3311-49a9-b930-97ea13cb0748%22:%91%22header_4_text_color%22,%22header_4_text_color%22%93}&#8220;]<\/p>\n<h3 style=\"text-align: left;\">PAPIERCHEMIKALIEN<\/h3>\n<p style=\"text-align: justify;\">Die PAPER Produktlinie bietet nicht nur Produkte f\u00fcr Tissue, sondern auch innovative L\u00f6sungen f\u00fcr die Papier-, Verpackungs-, Verarbeitungs- und Kartonindustrie. Das Yankee Coating Konzept findet auf allen Arten von Yankee Zylindern Anwendung, um qualitativ hochwertige Produkte herzustellen. In der Kartonindustrie sind Debonder, Stiffness Improvers, Biozide, Klebstoffe und weitere technische Produkte verf\u00fcgbar.<\/p>\n<ul>\n<li style=\"text-align: left;\">Converting<\/li>\n<li style=\"text-align: left;\">Prozesschemikalien und Maschinen-Instandhaltung<\/li>\n<li style=\"text-align: left;\">Zellstoff-Aufbereitung<\/li>\n<li style=\"text-align: left;\">Yankee-Chemie<\/li>\n<\/ul>\n<p>[\/et_pb_text][\/et_pb_column][\/et_pb_row][\/et_pb_section]<\/p>\n","protected":false},"excerpt":{"rendered":"<p>TECHNOLOGIE F\u00dcR DEN GESAMTEN PRODUKTIONSPROZESS Mit unserem Partner Petrofer sind wir einer der weltweit f\u00fchrenden Anbieter hochwertiger und innovativer Schmierstoffe und Spezialfl\u00fcssigkeiten. Als zertifizierter Prozessexperte beliefern wir Kunden auf der ganzen Welt mit einem umfassenden Sortiment von etwa 600 Premium-Produkten. Mit unserem Wissen \u00fcber alle verschiedenen Prozesse in der modernen Industriewelt, k\u00f6nnen wir unser Fachwissen [&hellip;]<\/p>\n","protected":false},"author":1,"featured_media":0,"parent":0,"menu_order":0,"comment_status":"closed","ping_status":"closed","template":"","meta":{"_acf_changed":false,"_et_pb_use_builder":"on","_et_pb_old_content":"","_et_gb_content_width":"","footnotes":""},"class_list":["post-238934","page","type-page","status-publish","hentry"],"acf":[],"_links":{"self":[{"href":"https:\/\/mcc-hamburg.de\/en\/wp-json\/wp\/v2\/pages\/238934","targetHints":{"allow":["GET"]}}],"collection":[{"href":"https:\/\/mcc-hamburg.de\/en\/wp-json\/wp\/v2\/pages"}],"about":[{"href":"https:\/\/mcc-hamburg.de\/en\/wp-json\/wp\/v2\/types\/page"}],"author":[{"embeddable":true,"href":"https:\/\/mcc-hamburg.de\/en\/wp-json\/wp\/v2\/users\/1"}],"replies":[{"embeddable":true,"href":"https:\/\/mcc-hamburg.de\/en\/wp-json\/wp\/v2\/comments?post=238934"}],"version-history":[{"count":0,"href":"https:\/\/mcc-hamburg.de\/en\/wp-json\/wp\/v2\/pages\/238934\/revisions"}],"wp:attachment":[{"href":"https:\/\/mcc-hamburg.de\/en\/wp-json\/wp\/v2\/media?parent=238934"}],"curies":[{"name":"wp","href":"https:\/\/api.w.org\/{rel}","templated":true}]}}