{"id":238918,"date":"2023-06-13T18:07:51","date_gmt":"2023-06-13T16:07:51","guid":{"rendered":"https:\/\/mcc-hamburg.de\/?page_id=238918"},"modified":"2026-03-17T08:08:26","modified_gmt":"2026-03-17T07:08:26","slug":"rare-earths","status":"publish","type":"page","link":"https:\/\/mcc-hamburg.de\/en\/rare-earths\/","title":{"rendered":"Rare Earths &#038; Metals"},"content":{"rendered":"<p>[et_pb_section fb_built=&#8220;1&#8243; fullwidth=&#8220;on&#8220; _builder_version=&#8220;4.21.0&#8243; _module_preset=&#8220;default&#8220; custom_margin=&#8220;||||false|false&#8220; custom_css_main_element=&#8220;overflow:hidden;&#8220; da_disable_devices=&#8220;off|off|off&#8220; locked=&#8220;off&#8220; collapsed=&#8220;on&#8220; global_colors_info=&#8220;{}&#8220; custom_css_before__hover_enabled=&#8220;off|desktop&#8220; da_is_popup=&#8220;off&#8220; da_exit_intent=&#8220;off&#8220; da_has_close=&#8220;on&#8220; da_alt_close=&#8220;off&#8220; da_dark_close=&#8220;off&#8220; da_not_modal=&#8220;on&#8220; da_is_singular=&#8220;off&#8220; da_with_loader=&#8220;off&#8220; da_has_shadow=&#8220;on&#8220;][et_pb_fullwidth_slider show_arrows=&#8220;off&#8220; show_pagination=&#8220;off&#8220; show_image_video_mobile=&#8220;on&#8220; arrows_custom_color=&#8220;#ffffff&#8220; dot_nav_custom_color=&#8220;#ffffff&#8220; module_class=&#8220;ken-burns-effect-ap-right&#8220; _builder_version=&#8220;4.27.6&#8243; _module_preset=&#8220;default&#8220; header_font=&#8220;|200||on|||||&#8220; header_text_color=&#8220;#ffffff&#8220; header_font_size=&#8220;80px&#8220; header_letter_spacing=&#8220;-3px&#8220; header_line_height=&#8220;1.5em&#8220; body_font=&#8220;||||||||&#8220; body_text_color=&#8220;#ffffff&#8220; body_font_size=&#8220;15px&#8220; body_line_height=&#8220;1.8em&#8220; custom_button=&#8220;on&#8220; button_text_size=&#8220;14px&#8220; button_text_color=&#8220;#ffffff&#8220; button_bg_color=&#8220;#000000&#8243; button_border_width=&#8220;0px&#8220; button_border_color=&#8220;#ffffff&#8220; button_border_radius=&#8220;0px&#8220; button_letter_spacing=&#8220;1px&#8220; button_font=&#8220;Poppins|||on|||||&#8220; button_icon=&#8220;%%3%%&#8220; button_icon_color=&#8220;#ffffff&#8220; button_alignment=&#8220;center&#8220; button_custom_margin=&#8220;34px||||false|false&#8220; button_custom_margin_tablet=&#8220;&#8220; button_custom_margin_phone=&#8220;20px||20px||false|false&#8220; button_custom_margin_last_edited=&#8220;on|phone&#8220; button_custom_padding=&#8220;17px|30px|17px|30px|true|true&#8220; button_custom_padding_tablet=&#8220;&#8220; button_custom_padding_phone=&#8220;13px|17px|13px|17px|true|true&#8220; button_custom_padding_last_edited=&#8220;on|phone&#8220; content_width=&#8220;100%&#8220; min_height=&#8220;40vh&#8220; min_height_tablet=&#8220;30vh&#8220; min_height_phone=&#8220;21vh&#8220; min_height_last_edited=&#8220;on|phone&#8220; height=&#8220;40vh&#8220; height_tablet=&#8220;30vh&#8220; height_phone=&#8220;21vh&#8220; height_last_edited=&#8220;on|desktop&#8220; max_height=&#8220;40vh&#8220; max_height_tablet=&#8220;30vh&#8220; max_height_phone=&#8220;21vh&#8220; max_height_last_edited=&#8220;on|desktop&#8220; custom_padding=&#8220;0px||0px||true|false&#8220; custom_padding_tablet=&#8220;0px||0px||true|false&#8220; custom_padding_phone=&#8220;0px||||false|false&#8220; custom_padding_last_edited=&#8220;on|tablet&#8220; auto=&#8220;on&#8220; auto_speed=&#8220;20000&#8243; auto_ignore_hover=&#8220;on&#8220; hover_enabled=&#8220;0&#8243; header_font_size_tablet=&#8220;60px&#8220; header_font_size_phone=&#8220;42px&#8220; header_font_size_last_edited=&#8220;on|desktop&#8220; header_letter_spacing_tablet=&#8220;&#8220; header_letter_spacing_phone=&#8220;-2px&#8220; header_letter_spacing_last_edited=&#8220;on|tablet&#8220; body_font_size_tablet=&#8220;&#8220; body_font_size_phone=&#8220;14px&#8220; body_font_size_last_edited=&#8220;on|phone&#8220; body_line_height_tablet=&#8220;&#8220; body_line_height_phone=&#8220;1.6em&#8220; body_line_height_last_edited=&#8220;on|phone&#8220; button_text_size_tablet=&#8220;&#8220; button_text_size_phone=&#8220;12px&#8220; button_text_size_last_edited=&#8220;on|phone&#8220; custom_css_slide_description=&#8220;animation-name: none !important;&#8220; custom_css_slide_title=&#8220;animation-name: none !important;&#8220; custom_css_slide_button=&#8220;animation-name: none !important;&#8220; custom_css_slide_controllers=&#8220;animation-name: none !important;&#8220; custom_css_slide_image=&#8220;animation-name: none !important;&#8220; global_colors_info=&#8220;{}&#8220; button_text_color__hover=&#8220;#ffffff&#8220; button_text_color__hover_enabled=&#8220;on|hover&#8220; button_bg_color__hover=&#8220;#000000&#8243; button_bg_color__hover_enabled=&#8220;on|hover&#8220; button_border_color__hover=&#8220;#bfbfbf&#8220; button_border_color__hover_enabled=&#8220;on&#8220; button_letter_spacing__hover=&#8220;2px&#8220; button_letter_spacing__hover_enabled=&#8220;on|hover&#8220; transform_styles__hover_enabled=&#8220;off|hover&#8220; custom_css_slide_image__hover_enabled=&#8220;off|desktop&#8220; custom_css_before__hover_enabled=&#8220;off|hover&#8220; custom_css_main_element__hover_enabled=&#8220;off|hover&#8220; custom_css_slide_description__hover_enabled=&#8220;off|desktop&#8220; button_bg_enable_color__hover=&#8220;on&#8220; sticky_enabled=&#8220;0&#8243;][et_pb_slide image=&#8220;https:\/\/mcc-hamburg.de\/website\/wp-content\/uploads\/mcc-menssing-chemiehandel-rare-earths-metals-1080-w.svg&#8220; content_tablet=&#8220;&#8220; content_phone=&#8220;&#8220; content_last_edited=&#8220;on|tablet&#8220; _builder_version=&#8220;4.27.6&#8243; _module_preset=&#8220;default&#8220; header_font=&#8220;Poppins|200||on|||||&#8220; header_text_color=&#8220;#ffffff&#8220; header_font_size=&#8220;80px&#8220; header_letter_spacing=&#8220;-3px&#8220; header_line_height=&#8220;1.5em&#8220; body_font=&#8220;||||||||&#8220; body_text_color=&#8220;#ffffff&#8220; body_font_size=&#8220;15px&#8220; body_line_height=&#8220;1.8em&#8220; background_color=&#8220;#383838&#8243; background_enable_color=&#8220;on&#8220; background_image=&#8220;https:\/\/mcc-hamburg.de\/website\/wp-content\/uploads\/mcc-menssing-rare-earths-head-01.jpg&#8220; background_enable_image=&#8220;on&#8220; parallax=&#8220;on&#8220; parallax_method=&#8220;off&#8220; custom_padding=&#8220;||||false|false&#8220; hover_transition_duration=&#8220;0ms&#8220; hover_enabled=&#8220;0&#8243; header_font_size_tablet=&#8220;60px&#8220; header_font_size_phone=&#8220;42px&#8220; header_font_size_last_edited=&#8220;on|phone&#8220; header_letter_spacing_tablet=&#8220;&#8220; header_letter_spacing_phone=&#8220;-2px&#8220; header_letter_spacing_last_edited=&#8220;on|tablet&#8220; body_font_size_tablet=&#8220;&#8220; body_font_size_phone=&#8220;30px&#8220; body_font_size_last_edited=&#8220;on|desktop&#8220; body_line_height_tablet=&#8220;&#8220; body_line_height_phone=&#8220;1.6em&#8220; body_line_height_last_edited=&#8220;on|phone&#8220; custom_css_slide_image=&#8220;width:100%;&#8220; global_colors_info=&#8220;{}&#8220; sticky_transition=&#8220;on&#8220; alt=&#8220;mcc menssing chemiehandel hamburg produktheader rare earth &#038; metals&#8220; title_text=&#8220;mcc menssing chemiehandel hamburg produktheader rare earth &#038; metals&#8220; sticky_enabled=&#8220;0&#8243;][\/et_pb_slide][et_pb_slide image=&#8220;https:\/\/mcc-hamburg.de\/website\/wp-content\/uploads\/mcc-menssing-chemiehandel-excellence-in-speacialty-chemicals-1080.svg&#8220; content_tablet=&#8220;&#8220; content_phone=&#8220;&#8220; content_last_edited=&#8220;on|phone&#8220; _builder_version=&#8220;4.27.6&#8243; _module_preset=&#8220;default&#8220; header_font=&#8220;Poppins|200||on|||||&#8220; header_text_color=&#8220;#ffffff&#8220; header_font_size=&#8220;80px&#8220; header_letter_spacing=&#8220;-3px&#8220; header_line_height=&#8220;1.5em&#8220; body_font=&#8220;Open Sans||||||||&#8220; body_text_color=&#8220;#ffffff&#8220; body_font_size=&#8220;15px&#8220; body_line_height=&#8220;1.8em&#8220; background_color=&#8220;#383838&#8243; background_enable_color=&#8220;on&#8220; background_image=&#8220;https:\/\/mcc-hamburg.de\/website\/wp-content\/uploads\/mcc-menssing-rare-earths-head-02.jpg&#8220; background_enable_image=&#8220;on&#8220; parallax=&#8220;on&#8220; parallax_method=&#8220;off&#8220; hover_enabled=&#8220;0&#8243; header_font_size_tablet=&#8220;60px&#8220; header_font_size_phone=&#8220;42px&#8220; header_font_size_last_edited=&#8220;on|phone&#8220; header_letter_spacing_tablet=&#8220;&#8220; header_letter_spacing_phone=&#8220;-2px&#8220; header_letter_spacing_last_edited=&#8220;on|tablet&#8220; body_font_size_tablet=&#8220;&#8220; body_font_size_phone=&#8220;14px&#8220; body_font_size_last_edited=&#8220;on|desktop&#8220; body_line_height_tablet=&#8220;&#8220; body_line_height_phone=&#8220;1.6em&#8220; body_line_height_last_edited=&#8220;on|phone&#8220; custom_css_slide_image=&#8220;width:100%;&#8220; global_colors_info=&#8220;{}&#8220; sticky_transition=&#8220;on&#8220; alt=&#8220;MCC Menssing Chemiehandel 30 Years of Excellenc in-Speacialty Chemicals&#8220; title_text=&#8220;MCC Menssing Chemiehandel 30 Years of Excellenc in-Speacialty Chemicals&#8220; sticky_enabled=&#8220;0&#8243;][\/et_pb_slide][\/et_pb_fullwidth_slider][\/et_pb_section][et_pb_section fb_built=&#8220;1&#8243; _builder_version=&#8220;4.21.0&#8243; _module_preset=&#8220;default&#8220; background_color=&#8220;gcid-14adc35a-f565-4dd9-ae6d-e0197fd41b31&#8243; custom_padding=&#8220;||4px|||&#8220; da_disable_devices=&#8220;off|off|off&#8220; global_colors_info=&#8220;{%22gcid-14adc35a-f565-4dd9-ae6d-e0197fd41b31%22:%91%22background_color%22%93}&#8220; da_is_popup=&#8220;off&#8220; da_exit_intent=&#8220;off&#8220; da_has_close=&#8220;on&#8220; da_alt_close=&#8220;off&#8220; da_dark_close=&#8220;off&#8220; da_not_modal=&#8220;on&#8220; da_is_singular=&#8220;off&#8220; da_with_loader=&#8220;off&#8220; da_has_shadow=&#8220;on&#8220;][et_pb_row _builder_version=&#8220;4.27.3&#8243; _module_preset=&#8220;default&#8220; custom_padding=&#8220;||10px||false|false&#8220; global_colors_info=&#8220;{}&#8220;][et_pb_column type=&#8220;4_4&#8243; _builder_version=&#8220;4.20.2&#8243; _module_preset=&#8220;default&#8220; global_colors_info=&#8220;{}&#8220;][et_pb_blurb title=&#8220;Rare Earths &#038; Metals&#8220; image=&#8220;https:\/\/mcc-hamburg.de\/website\/wp-content\/uploads\/mcc-menssing-product-icon-rare-earth-1.svg&#8220; alt=&#8220;MCC Menssing Chemiehandel &#038; Consultants Rare Earth Icon&#8220; image_icon_width=&#8220;3em&#8220; title_tablet=&#8220;Rare Earths&#8220; title_phone=&#8220;Rare Earths&#8220; title_last_edited=&#8220;on|phone&#8220; image_icon_width_tablet=&#8220;3em&#8220; image_icon_width_phone=&#8220;2em&#8220; image_icon_width_last_edited=&#8220;on|phone&#8220; _builder_version=&#8220;4.21.0&#8243; _module_preset=&#8220;default&#8220; header_font=&#8220;|||on|||||&#8220; header_font_size=&#8220;3em&#8220; image_icon_custom_padding=&#8220;||||false|false&#8220; custom_padding=&#8220;||1.5em||false|false&#8220; animation=&#8220;left&#8220; header_font_size_tablet=&#8220;3em&#8220; header_font_size_phone=&#8220;2em&#8220; header_font_size_last_edited=&#8220;on|desktop&#8220; global_colors_info=&#8220;{}&#8220;][\/et_pb_blurb][et_pb_text _builder_version=&#8220;4.27.3&#8243; _module_preset=&#8220;default&#8220; link_font=&#8220;||||||||&#8220; ul_font=&#8220;||||||||&#8220; header_3_font_size=&#8220;1.5em&#8220; header_4_font=&#8220;Headline REG|||on|||||&#8220; header_4_text_color=&#8220;gcid-1c7810c3-3311-49a9-b930-97ea13cb0748&#8243; custom_margin=&#8220;||||false|false&#8220; global_colors_info=&#8220;{%22gcid-1c7810c3-3311-49a9-b930-97ea13cb0748%22:%91%22header_4_text_color%22,%22header_4_text_color%22,%22header_4_text_color%22%93}&#8220;]<\/p>\n<h3>MCC \u2013 Ihr erfahrener Partner f\u00fcr hochwertige Seltene Erden und Metalle in High-Tech-Anwendungen und Industrie<\/h3>\n<p>MCC ist Ihr zuverl\u00e4ssiger Lieferant f\u00fcr hochwertige Seltene Erden, die in vielf\u00e4ltigen High-Tech-Bereichen unverzichtbar sind. Unsere breite Palette an seltenen Erdmetallen unterst\u00fctzt Unternehmen weltweit bei der Entwicklung leistungsstarker Produkte und Technologien. Ob bei industriellen Anwendungen oder in der Unterhaltungselektronik \u2013 die Seltenen Erden von MCC garantieren h\u00f6chste Qualit\u00e4t und Effizienz.<\/p>\n<h3>Unser Portfolio: Seltene Erden und Metalle f\u00fcr High-Tech-Anwendungen, Elektromobilit\u00e4t und industrielle L\u00f6sungen<\/h3>\n<p>Seltene Erden spielen in vielen Zukunftstechnologien eine Schl\u00fcsselrolle und sind aus der modernen Produktion nicht mehr wegzudenken. Die besondere chemische Zusammensetzung dieser Metalle erm\u00f6glicht technische Eigenschaften, die in verschiedenen Anwendungsbereichen entscheidend sind:<\/p>\n<ul>\n<li>High-Tech-Elektronik<br \/>Seltene Erden sind essenziell f\u00fcr die Herstellung von Komponenten in Smartphones, Computern, Flachbildschirmen und LED-Technologien. Cer und Yttrium etwa finden Einsatz in Display-Technologien und in Energiesparlampen. Unsere Seltenen Erden verbessern die Bildqualit\u00e4t, Lichtintensit\u00e4t und Energieeffizienz und unterst\u00fctzen die Entwicklung nachhaltiger Produkte in der Unterhaltungselektronik.<\/li>\n<\/ul>\n<ul>\n<li>Industrielle Anwendungen<br \/>Seltene Erden wie Lanthan und Ceriumoxid werden in der Glas- und Keramikproduktion sowie als Katalysatoren in der Petrochemie eingesetzt. Ceriumoxid spielt eine wichtige Rolle bei der Herstellung hitzebest\u00e4ndiger Glasmaterialien und bei Poliermitteln f\u00fcr die Glasbearbeitung, w\u00e4hrend Lanthan zur Stabilisierung von Gl\u00e4sern und bei speziellen Metalllegierungen f\u00fcr Hochtemperaturanwendungen verwendet wird.<\/li>\n<\/ul>\n<h3>Warum MCC? Qualit\u00e4t, Branchenexpertise und ma\u00dfgeschneiderte L\u00f6sungen<\/h3>\n<p>MCC ist Ihr erfahrener Partner, wenn es um die Beschaffung und Anwendung Seltener Erden geht. Unser Team kennt die Anforderungen moderner Anwendungen und bietet Ihnen ma\u00dfgeschneiderte L\u00f6sungen, die perfekt auf Ihre Branche und Ihre Produkte abgestimmt sind. Durch unser globales Netzwerk und unsere engen Beziehungen zu vertrauensw\u00fcrdigen Lieferanten garantieren wir Ihnen h\u00f6chste Qualit\u00e4t und stabile Lieferketten f\u00fcr Ihre High-Tech-Produktionen. Unsere Seltenen Erden erf\u00fcllen strenge Qualit\u00e4ts- und Umweltstandards, sodass Ihre Produkte sowohl leistungsstark als auch nachhaltig sind. Mit unserem Know-how unterst\u00fctzen wir Sie dabei, technologische Innovationen umzusetzen und Ihre Produktionsprozesse zu optimieren.<\/p>\n<h3>Umfassende Beratung und exzellenter Service<\/h3>\n<p>Bei MCC stehen wir Ihnen w\u00e4hrend des gesamten Prozesses zur Seite \u2013 von der Auswahl des richtigen seltenen Erdmetalls bis hin zur Implementierung in Ihre Produktionsprozesse. Unsere Experten und Partner bieten technische Beratung und ma\u00dfgeschneiderte L\u00f6sungen, um Ihre Produkte noch leistungsf\u00e4higer und konkurrenzf\u00e4higer zu gestalten.<\/p>\n<h4>Kontaktieren Sie uns<\/h4>\n<p>Vertrauen Sie auf MCC, wenn es um hochwertige Seltene Erden geht. Kontaktieren Sie uns noch heute, um mehr \u00fcber unser Angebot und unsere L\u00f6sungen zu erfahren.<\/p>\n<p>[\/et_pb_text][\/et_pb_column][\/et_pb_row][et_pb_row _builder_version=&#8220;4.21.0&#8243; _module_preset=&#8220;default&#8220; custom_padding=&#8220;0px||||false|false&#8220; locked=&#8220;off&#8220; global_colors_info=&#8220;{}&#8220;][et_pb_column type=&#8220;4_4&#8243; _builder_version=&#8220;4.21.0&#8243; _module_preset=&#8220;default&#8220; global_colors_info=&#8220;{}&#8220;][et_pb_button button_url=&#8220;@ET-DC@eyJkeW5hbWljIjp0cnVlLCJjb250ZW50IjoicG9zdF9saW5rX3VybF9wYWdlIiwic2V0dGluZ3MiOnsicG9zdF9pZCI6IjIzNzcxMiJ9fQ==@&#8220; button_text=&#8220;Kontakt&#8220; _builder_version=&#8220;4.25.2&#8243; _dynamic_attributes=&#8220;button_url&#8220; _module_preset=&#8220;65df8b52-f9ff-4b66-8d69-f23085e3faaf&#8220; button_bg_color=&#8220;#FFFFFF&#8220; locked=&#8220;off&#8220; global_colors_info=&#8220;{%22gcid-1c7810c3-3311-49a9-b930-97ea13cb0748%22:%91%22button_bg_color%22,%22button_border_color%22,%22button_bg_color%22,%22button_border_color%22,%22button_border_color%22,%22button_border_color%22,%22button_border_color%22,%22button_border_color%22,%22border_color_all__hover%22,%22button_border_color%22,%22button_border_color%22,%22button_border_color%22,%22border_color_all__hover%22,%22button_border_color%22,%22button_border_color%22,%22button_border_color%22,%22border_color_all__hover%22,%22button_border_color%22,%22button_border_color%22,%22border_color_all__hover%22,%22button_bg_color__hover%22%93,%22gcid-a9c76330-2a24-4de9-b02c-6c171709c771%22:%91%22button_bg_color__hover%22,%22button_bg_color__hover%22,%22button_bg_color__hover%22,%22form_field_text_color%22,%22form_field_focus_text_color%22,%22form_field_text_color%22,%22form_field_focus_text_color%22,%22form_field_text_color%22,%22form_field_focus_text_color%22,%22form_field_text_color%22,%22form_field_focus_text_color%22,%22form_field_text_color%22,%22form_field_focus_text_color%22,%22form_field_text_color%22,%22form_field_focus_text_color%22,%22form_field_text_color%22,%22form_field_focus_text_color%22,%22form_field_text_color%22,%22form_field_focus_text_color%22,%22form_field_text_color%22,%22form_field_focus_text_color%22,%22button_bg_color__hover%22,%22form_field_text_color%22,%22form_field_focus_text_color%22,%22form_field_text_color%22,%22form_field_focus_text_color%22,%22form_field_text_color%22,%22form_field_focus_text_color%22%93,%22gcid-55b5526f-3c22-4d6c-8c4f-38758d307fd6%22:%91%22form_field_focus_background_color%22,%22form_field_focus_background_color%22,%22form_field_focus_background_color%22,%22form_field_focus_background_color%22,%22form_field_focus_background_color%22,%22form_field_focus_background_color%22,%22form_field_focus_background_color%22,%22form_field_focus_background_color%22%93,%22gcid-14adc35a-f565-4dd9-ae6d-e0197fd41b31%22:%91%22form_field_background_color%22,%22form_field_background_color%22,%22form_field_background_color%22,%22form_field_background_color%22%93,%22gcid-primary-color%22:%91%22button_bg_color__hover%22%93}&#8220;][\/et_pb_button][\/et_pb_column][\/et_pb_row][\/et_pb_section][et_pb_section fb_built=&#8220;1&#8243; _builder_version=&#8220;4.21.0&#8243; _module_preset=&#8220;default&#8220; background_color=&#8220;gcid-14adc35a-f565-4dd9-ae6d-e0197fd41b31&#8243; custom_padding=&#8220;0px|||||&#8220; da_disable_devices=&#8220;off|off|off&#8220; locked=&#8220;off&#8220; global_colors_info=&#8220;{%22gcid-14adc35a-f565-4dd9-ae6d-e0197fd41b31%22:%91%22background_color%22%93}&#8220; da_is_popup=&#8220;off&#8220; da_exit_intent=&#8220;off&#8220; da_has_close=&#8220;on&#8220; da_alt_close=&#8220;off&#8220; da_dark_close=&#8220;off&#8220; da_not_modal=&#8220;on&#8220; da_is_singular=&#8220;off&#8220; da_with_loader=&#8220;off&#8220; da_has_shadow=&#8220;on&#8220;][et_pb_row _builder_version=&#8220;4.20.2&#8243; _module_preset=&#8220;default&#8220; global_colors_info=&#8220;{}&#8220;][et_pb_column type=&#8220;4_4&#8243; _builder_version=&#8220;4.20.2&#8243; _module_preset=&#8220;default&#8220; global_colors_info=&#8220;{}&#8220;][et_pb_blurb title=&#8220;Range of Rare Earths &#038; Metals&#8220; image=&#8220;https:\/\/mcc-hamburg.de\/website\/wp-content\/uploads\/mcc-menssing-product-icon-rare-earth-consulting.svg&#8220; alt=&#8220;MCC Menssing Chemiehandel &#038; Consultants Antioxidants Icon&#8220; image_icon_width=&#8220;3em&#8220; image_icon_width_tablet=&#8220;3em&#8220; image_icon_width_phone=&#8220;2em&#8220; image_icon_width_last_edited=&#8220;on|phone&#8220; _builder_version=&#8220;4.27.6&#8243; _module_preset=&#8220;default&#8220; header_font=&#8220;|||on|||||&#8220; header_font_size=&#8220;3em&#8220; image_icon_custom_padding=&#8220;||||false|false&#8220; animation=&#8220;left&#8220; hover_enabled=&#8220;0&#8243; header_font_size_tablet=&#8220;3em&#8220; header_font_size_phone=&#8220;2em&#8220; header_font_size_last_edited=&#8220;on|desktop&#8220; global_colors_info=&#8220;{}&#8220; sticky_enabled=&#8220;0&#8243;][\/et_pb_blurb][\/et_pb_column][\/et_pb_row][et_pb_row _builder_version=&#8220;4.21.0&#8243; _module_preset=&#8220;default&#8220; global_colors_info=&#8220;{}&#8220;][et_pb_column type=&#8220;4_4&#8243; _builder_version=&#8220;4.21.0&#8243; _module_preset=&#8220;default&#8220; global_colors_info=&#8220;{}&#8220;][dpdfg_filtergrid custom_query=&#8220;advanced&#8220; multiple_cpt=&#8220;project&#8220; use_taxonomy_terms=&#8220;on&#8220; multiple_taxonomies=&#8220;project_category&#8220; include_terms=&#8220;24&#8243; exclude_taxonomies_relation=&#8220;AND&#8220; exclude_terms=&#8220;19,18,20,25,21,16,15,31&#8243; post_number=&#8220;-1&#8243; order=&#8220;ASC&#8220; orderby=&#8220;title&#8220; show_thumbnail=&#8220;off&#8220; use_overlay=&#8220;off&#8220; title_link=&#8220;on&#8220; show_post_meta=&#8220;off&#8220; show_custom_fields=&#8220;on&#8220; custom_fields=&#8220;%91{%22name%22:%22cas_nr%22,%22label%22:%22CAS NR. %22}%93&#8243; show_filters=&#8220;off&#8220; show_pagination=&#8220;off&#8220; items_layout=&#8220;dp-dfg-layout-none&#8220; filters_width_tablet=&#8220;2&#8243; filters_width_phone=&#8220;&#8220; filters_width_last_edited=&#8220;on|tablet&#8220; thumb_min_width_last_edited=&#8220;off|desktop&#8220; thumb_width_last_edited=&#8220;off|desktop&#8220; _builder_version=&#8220;4.21.0&#8243; _module_preset=&#8220;default&#8220; dpdfg_entry_title_font=&#8220;Rob-Regular|||on|||||&#8220; dpdfg_entry_title_text_align=&#8220;left&#8220; dpdfg_entry_title_text_color=&#8220;gcid-a9c76330-2a24-4de9-b02c-6c171709c771&#8243; dpdfg_entry_title_font_size=&#8220;1.25em&#8220; dpdfg_entry_title_letter_spacing=&#8220;1px&#8220; dpdfg_entry_title_line_height=&#8220;1.7em&#8220; dpdfg_entry_cf_label_font=&#8220;Rob-Regular||||||||&#8220; dpdfg_entry_cf_label_text_color=&#8220;gcid-a9c76330-2a24-4de9-b02c-6c171709c771&#8243; dpdfg_entry_cf_label_font_size=&#8220;1.25em&#8220; dpdfg_entry_cf_label_letter_spacing=&#8220;1px&#8220; dpdfg_entry_cf_label_line_height=&#8220;2.5em&#8220; dpdfg_entry_cf_value_font=&#8220;Rob-Regular||||||||&#8220; dpdfg_entry_cf_value_text_color=&#8220;gcid-a9c76330-2a24-4de9-b02c-6c171709c771&#8243; dpdfg_entry_cf_value_font_size=&#8220;1.25em&#8220; dpdfg_entry_cf_value_letter_spacing=&#8220;1px&#8220; dpdfg_entry_custom_font=&#8220;Rob-Regular||||||||&#8220; dpdfg_entry_custom_text_align=&#8220;right&#8220; dpdfg_entry_custom_text_color=&#8220;gcid-a9c76330-2a24-4de9-b02c-6c171709c771&#8243; dpdfg_entry_custom_font_size=&#8220;1.25em&#8220; dpdfg_entry_custom_letter_spacing=&#8220;1px&#8220; dpdfg_search_font=&#8220;||||||||&#8220; dpdfg_search_text_color=&#8220;#000000&#8243; dpdfg_search_font_size=&#8220;1.5em&#8220; dpdfg_search_letter_spacing=&#8220;1px&#8220; dpdfg_search_line_height=&#8220;1.7em&#8220; dpdfg_filters_font=&#8220;|||on|||||&#8220; dpdfg_filters_text_color=&#8220;gcid-a9c76330-2a24-4de9-b02c-6c171709c771&#8243; dpdfg_filters_font_size=&#8220;1.5em&#8220; dpdfg_filters_letter_spacing=&#8220;1px&#8220; dpdfg_filters_active_font_size=&#8220;1.5em&#8220; dpdfg_filters_active_letter_spacing=&#8220;1px&#8220; dpdfg_levels_labels_font_size=&#8220;1.5em&#8220; dpdfg_levels_labels_letter_spacing=&#8220;1px&#8220; dpdfg_dropdown_labels_text_color=&#8220;gcid-a9c76330-2a24-4de9-b02c-6c171709c771&#8243; dpdfg_dropdown_labels_font_size=&#8220;1.5em&#8220; dpdfg_dropdown_labels_letter_spacing=&#8220;1px&#8220; dpdfg_dropdown_labels_line_height=&#8220;1.7em&#8220; dpdfg_dropdown_tags_font=&#8220;|||on|||||&#8220; dpdfg_dropdown_tags_text_color=&#8220;#FFFFFF&#8220; dpdfg_dropdown_tags_font_size=&#8220;1em&#8220; dpdfg_dropdown_tags_letter_spacing=&#8220;1px&#8220; custom_read_more_button=&#8220;on&#8220; read_more_button_border_width=&#8220;0px&#8220; read_more_button_icon=&#8220;&#xe03c;||divi||400&#8243; read_more_button_on_hover=&#8220;off&#8220; read_more_button_alignment=&#8220;right&#8220; custom_clear_filters_button=&#8220;on&#8220; clear_filters_button_text_size=&#8220;17px&#8220; clear_filters_button_text_color=&#8220;RGBA(255,255,255,0)&#8220; clear_filters_button_bg_image=&#8220;https:\/\/mcc-hamburg.de\/website\/wp-content\/uploads\/mcc-menssing-contact-web.svg&#8220; clear_filters_button_border_width=&#8220;0px&#8220; clear_filters_button_border_radius=&#8220;0px&#8220; clear_filters_button_use_icon=&#8220;off&#8220; custom_margin=&#8220;||||false|false&#8220; custom_padding=&#8220;||||false|false&#8220; dpdfg_entry_cf_label_font_size_tablet=&#8220;1.25em&#8220; dpdfg_entry_cf_label_font_size_phone=&#8220;1.25em&#8220; dpdfg_entry_cf_label_font_size_last_edited=&#8220;on|phone&#8220; dpdfg_entry_cf_label_line_height_tablet=&#8220;2.5em&#8220; dpdfg_entry_cf_label_line_height_phone=&#8220;1.7em&#8220; dpdfg_entry_cf_label_line_height_last_edited=&#8220;on|desktop&#8220; border_width_all=&#8220;3px&#8220; border_color_all=&#8220;gcid-14adc35a-f565-4dd9-ae6d-e0197fd41b31&#8243; locked=&#8220;off&#8220; global_colors_info=&#8220;{%22gcid-a9c76330-2a24-4de9-b02c-6c171709c771%22:%91%22dpdfg_filters_text_color%22,%22dpdfg_entry_cf_label_text_color%22,%22dpdfg_entry_custom_text_color%22,%22dpdfg_entry_cf_value_text_color%22,%22dpdfg_entry_title_text_color%22,%22dpdfg_dropdown_labels_text_color%22%93,%22gcid-14adc35a-f565-4dd9-ae6d-e0197fd41b31%22:%91%22border_color_all%22%93}&#8220;][\/dpdfg_filtergrid][\/et_pb_column][\/et_pb_row][\/et_pb_section]<\/p>\n","protected":false},"excerpt":{"rendered":"<p>MCC \u2013 Ihr erfahrener Partner f\u00fcr hochwertige Seltene Erden und Metalle in High-Tech-Anwendungen und Industrie MCC ist Ihr zuverl\u00e4ssiger Lieferant f\u00fcr hochwertige Seltene Erden, die in vielf\u00e4ltigen High-Tech-Bereichen unverzichtbar sind. Unsere breite Palette an seltenen Erdmetallen unterst\u00fctzt Unternehmen weltweit bei der Entwicklung leistungsstarker Produkte und Technologien. Ob bei industriellen Anwendungen oder in der Unterhaltungselektronik \u2013 [&hellip;]<\/p>\n","protected":false},"author":1,"featured_media":0,"parent":0,"menu_order":0,"comment_status":"closed","ping_status":"closed","template":"","meta":{"_acf_changed":false,"_et_pb_use_builder":"on","_et_pb_old_content":"","_et_gb_content_width":"","footnotes":""},"class_list":["post-238918","page","type-page","status-publish","hentry"],"acf":[],"_links":{"self":[{"href":"https:\/\/mcc-hamburg.de\/en\/wp-json\/wp\/v2\/pages\/238918","targetHints":{"allow":["GET"]}}],"collection":[{"href":"https:\/\/mcc-hamburg.de\/en\/wp-json\/wp\/v2\/pages"}],"about":[{"href":"https:\/\/mcc-hamburg.de\/en\/wp-json\/wp\/v2\/types\/page"}],"author":[{"embeddable":true,"href":"https:\/\/mcc-hamburg.de\/en\/wp-json\/wp\/v2\/users\/1"}],"replies":[{"embeddable":true,"href":"https:\/\/mcc-hamburg.de\/en\/wp-json\/wp\/v2\/comments?post=238918"}],"version-history":[{"count":6,"href":"https:\/\/mcc-hamburg.de\/en\/wp-json\/wp\/v2\/pages\/238918\/revisions"}],"predecessor-version":[{"id":244991,"href":"https:\/\/mcc-hamburg.de\/en\/wp-json\/wp\/v2\/pages\/238918\/revisions\/244991"}],"wp:attachment":[{"href":"https:\/\/mcc-hamburg.de\/en\/wp-json\/wp\/v2\/media?parent=238918"}],"curies":[{"name":"wp","href":"https:\/\/api.w.org\/{rel}","templated":true}]}}