{"id":237697,"date":"2023-03-22T12:05:39","date_gmt":"2023-03-22T11:05:39","guid":{"rendered":"https:\/\/2023.mcc-hamburg.de\/?page_id=237697"},"modified":"2025-10-14T11:10:47","modified_gmt":"2025-10-14T09:10:47","slug":"reach","status":"publish","type":"page","link":"https:\/\/mcc-hamburg.de\/en\/reach\/","title":{"rendered":"Reach"},"content":{"rendered":"<p>[et_pb_section fb_built=&#8220;1&#8243; fullwidth=&#8220;on&#8220; _builder_version=&#8220;4.16&#8243; _module_preset=&#8220;default&#8220; custom_margin=&#8220;||||false|false&#8220; custom_css_main_element=&#8220;overflow:hidden;&#8220; da_disable_devices=&#8220;off|off|off&#8220; locked=&#8220;off&#8220; collapsed=&#8220;on&#8220; global_colors_info=&#8220;{}&#8220; custom_css_before__hover_enabled=&#8220;off|desktop&#8220; da_is_popup=&#8220;off&#8220; da_exit_intent=&#8220;off&#8220; da_has_close=&#8220;on&#8220; da_alt_close=&#8220;off&#8220; da_dark_close=&#8220;off&#8220; da_not_modal=&#8220;on&#8220; da_is_singular=&#8220;off&#8220; da_with_loader=&#8220;off&#8220; da_has_shadow=&#8220;on&#8220;][et_pb_fullwidth_slider show_arrows=&#8220;off&#8220; show_pagination=&#8220;off&#8220; show_image_video_mobile=&#8220;on&#8220; arrows_custom_color=&#8220;#ffffff&#8220; dot_nav_custom_color=&#8220;#ffffff&#8220; module_class=&#8220;ken-burns-effect-ap-right&#8220; _builder_version=&#8220;4.27.4&#8243; _module_preset=&#8220;default&#8220; header_font=&#8220;|200||on|||||&#8220; header_text_color=&#8220;#ffffff&#8220; header_font_size=&#8220;80px&#8220; header_letter_spacing=&#8220;-3px&#8220; header_line_height=&#8220;1.5em&#8220; body_font=&#8220;||||||||&#8220; body_text_color=&#8220;#ffffff&#8220; body_font_size=&#8220;15px&#8220; body_line_height=&#8220;1.8em&#8220; custom_button=&#8220;on&#8220; button_text_size=&#8220;14px&#8220; button_text_color=&#8220;#ffffff&#8220; button_bg_color=&#8220;#000000&#8243; button_border_width=&#8220;0px&#8220; button_border_color=&#8220;#ffffff&#8220; button_border_radius=&#8220;0px&#8220; button_letter_spacing=&#8220;1px&#8220; button_font=&#8220;Poppins|||on|||||&#8220; button_icon=&#8220;%%3%%&#8220; button_icon_color=&#8220;#ffffff&#8220; button_alignment=&#8220;center&#8220; button_custom_margin=&#8220;34px||||false|false&#8220; button_custom_margin_tablet=&#8220;&#8220; button_custom_margin_phone=&#8220;20px||20px||false|false&#8220; button_custom_margin_last_edited=&#8220;on|phone&#8220; button_custom_padding=&#8220;17px|30px|17px|30px|true|true&#8220; button_custom_padding_tablet=&#8220;&#8220; button_custom_padding_phone=&#8220;13px|17px|13px|17px|true|true&#8220; button_custom_padding_last_edited=&#8220;on|phone&#8220; content_width=&#8220;100%&#8220; min_height=&#8220;40vh&#8220; min_height_tablet=&#8220;30vh&#8220; min_height_phone=&#8220;23vh&#8220; min_height_last_edited=&#8220;on|phone&#8220; height=&#8220;40vh&#8220; height_tablet=&#8220;30vh&#8220; height_phone=&#8220;23vh&#8220; height_last_edited=&#8220;on|phone&#8220; max_height=&#8220;40vh&#8220; max_height_tablet=&#8220;30vh&#8220; max_height_phone=&#8220;23vh&#8220; max_height_last_edited=&#8220;on|desktop&#8220; custom_padding=&#8220;0px||0px||true|false&#8220; custom_padding_tablet=&#8220;0px||0px||true|false&#8220; custom_padding_phone=&#8220;0px||0px||true|false&#8220; custom_padding_last_edited=&#8220;on|desktop&#8220; auto=&#8220;on&#8220; auto_speed=&#8220;20000&#8243; auto_ignore_hover=&#8220;on&#8220; hover_enabled=&#8220;0&#8243; header_font_size_tablet=&#8220;60px&#8220; header_font_size_phone=&#8220;42px&#8220; header_font_size_last_edited=&#8220;on|desktop&#8220; header_letter_spacing_tablet=&#8220;&#8220; header_letter_spacing_phone=&#8220;-2px&#8220; header_letter_spacing_last_edited=&#8220;on|tablet&#8220; body_font_size_tablet=&#8220;&#8220; body_font_size_phone=&#8220;14px&#8220; body_font_size_last_edited=&#8220;on|phone&#8220; body_line_height_tablet=&#8220;&#8220; body_line_height_phone=&#8220;1.6em&#8220; body_line_height_last_edited=&#8220;on|phone&#8220; button_text_size_tablet=&#8220;&#8220; button_text_size_phone=&#8220;12px&#8220; button_text_size_last_edited=&#8220;on|phone&#8220; custom_css_slide_description=&#8220;animation-name: none !important;&#8220; custom_css_slide_title=&#8220;animation-name: none !important;&#8220; custom_css_slide_button=&#8220;animation-name: none !important;&#8220; custom_css_slide_controllers=&#8220;animation-name: none !important;&#8220; custom_css_slide_image=&#8220;animation-name: none !important;&#8220; global_colors_info=&#8220;{}&#8220; button_text_color__hover=&#8220;#ffffff&#8220; button_text_color__hover_enabled=&#8220;on|hover&#8220; button_bg_color__hover=&#8220;#000000&#8243; button_bg_color__hover_enabled=&#8220;on|hover&#8220; button_border_color__hover=&#8220;#bfbfbf&#8220; button_border_color__hover_enabled=&#8220;on&#8220; button_letter_spacing__hover=&#8220;2px&#8220; button_letter_spacing__hover_enabled=&#8220;on|hover&#8220; transform_styles__hover_enabled=&#8220;off|hover&#8220; custom_css_slide_image__hover_enabled=&#8220;off|desktop&#8220; custom_css_before__hover_enabled=&#8220;off|hover&#8220; custom_css_main_element__hover_enabled=&#8220;off|hover&#8220; custom_css_slide_description__hover_enabled=&#8220;off|desktop&#8220; button_bg_enable_color__hover=&#8220;on&#8220; sticky_enabled=&#8220;0&#8243;][et_pb_slide image=&#8220;https:\/\/2023.mcc-hamburg.de\/wp-content\/uploads\/mcc-menssing-chemiehandel-consultants-reach-w.svg&#8220; content_tablet=&#8220;&#8220; content_phone=&#8220;&#8220; content_last_edited=&#8220;on|phone&#8220; _builder_version=&#8220;4.27.4&#8243; _module_preset=&#8220;default&#8220; header_font=&#8220;Poppins|200||on|||||&#8220; header_text_color=&#8220;#ffffff&#8220; header_font_size=&#8220;80px&#8220; header_letter_spacing=&#8220;-3px&#8220; header_line_height=&#8220;1.5em&#8220; body_font=&#8220;Open Sans||||||||&#8220; body_text_color=&#8220;#ffffff&#8220; body_font_size=&#8220;15px&#8220; body_line_height=&#8220;1.8em&#8220; background_color=&#8220;#383838&#8243; background_enable_color=&#8220;on&#8220; background_image=&#8220;https:\/\/2023.mcc-hamburg.de\/wp-content\/uploads\/mcc-menssing-chemiehandel-reach-head.jpg&#8220; background_enable_image=&#8220;on&#8220; parallax=&#8220;on&#8220; parallax_method=&#8220;off&#8220; hover_enabled=&#8220;0&#8243; header_font_size_tablet=&#8220;60px&#8220; header_font_size_phone=&#8220;42px&#8220; header_font_size_last_edited=&#8220;on|phone&#8220; header_letter_spacing_tablet=&#8220;&#8220; header_letter_spacing_phone=&#8220;-2px&#8220; header_letter_spacing_last_edited=&#8220;on|tablet&#8220; body_font_size_tablet=&#8220;&#8220; body_font_size_phone=&#8220;14px&#8220; body_font_size_last_edited=&#8220;on|desktop&#8220; body_line_height_tablet=&#8220;&#8220; body_line_height_phone=&#8220;1.6em&#8220; body_line_height_last_edited=&#8220;on|phone&#8220; custom_css_slide_image=&#8220;width:100%;&#8220; global_colors_info=&#8220;{}&#8220; sticky_transition=&#8220;on&#8220; sticky_enabled=&#8220;0&#8243;][\/et_pb_slide][et_pb_slide image=&#8220;https:\/\/mcc-hamburg.de\/website\/wp-content\/uploads\/mcc-menssing-chemiehandel-excellence-in-speacialty-chemicals-1080.svg&#8220; content_tablet=&#8220;&#8220; content_phone=&#8220;&#8220; content_last_edited=&#8220;on|phone&#8220; _builder_version=&#8220;4.27.4&#8243; _module_preset=&#8220;default&#8220; header_font=&#8220;Poppins|200||on|||||&#8220; header_text_color=&#8220;#ffffff&#8220; header_font_size=&#8220;80px&#8220; header_letter_spacing=&#8220;-3px&#8220; header_line_height=&#8220;1.5em&#8220; body_font=&#8220;||||||||&#8220; body_text_color=&#8220;#ffffff&#8220; body_font_size=&#8220;15px&#8220; body_line_height=&#8220;1.8em&#8220; background_color=&#8220;#383838&#8243; background_enable_color=&#8220;on&#8220; background_image=&#8220;https:\/\/2023.mcc-hamburg.de\/wp-content\/uploads\/mcc-menssing-chemiehandel-reach-head-02.jpg&#8220; background_enable_image=&#8220;on&#8220; parallax=&#8220;on&#8220; parallax_method=&#8220;off&#8220; hover_transition_duration=&#8220;0ms&#8220; hover_enabled=&#8220;0&#8243; header_font_size_tablet=&#8220;60px&#8220; header_font_size_phone=&#8220;42px&#8220; header_font_size_last_edited=&#8220;on|phone&#8220; header_letter_spacing_tablet=&#8220;&#8220; header_letter_spacing_phone=&#8220;-2px&#8220; header_letter_spacing_last_edited=&#8220;on|tablet&#8220; body_font_size_tablet=&#8220;&#8220; body_font_size_phone=&#8220;30px&#8220; body_font_size_last_edited=&#8220;on|desktop&#8220; body_line_height_tablet=&#8220;&#8220; body_line_height_phone=&#8220;1.6em&#8220; body_line_height_last_edited=&#8220;on|phone&#8220; custom_css_slide_image=&#8220;width:100%;&#8220; global_colors_info=&#8220;{}&#8220; sticky_transition=&#8220;on&#8220; alt=&#8220;MCC Menssing Chemiehandel 30 Years of Excellenc in-Speacialty Chemicals&#8220; title_text=&#8220;MCC Menssing Chemiehandel 30 Years of Excellenc in-Speacialty Chemicals&#8220; sticky_enabled=&#8220;0&#8243;][\/et_pb_slide][\/et_pb_fullwidth_slider][\/et_pb_section][et_pb_section fb_built=&#8220;1&#8243; _builder_version=&#8220;4.21.0&#8243; _module_preset=&#8220;default&#8220; background_color=&#8220;gcid-14adc35a-f565-4dd9-ae6d-e0197fd41b31&#8243; da_disable_devices=&#8220;off|off|off&#8220; global_colors_info=&#8220;{%22gcid-14adc35a-f565-4dd9-ae6d-e0197fd41b31%22:%91%22background_color%22%93}&#8220; da_is_popup=&#8220;off&#8220; da_exit_intent=&#8220;off&#8220; da_has_close=&#8220;on&#8220; da_alt_close=&#8220;off&#8220; da_dark_close=&#8220;off&#8220; da_not_modal=&#8220;on&#8220; da_is_singular=&#8220;off&#8220; da_with_loader=&#8220;off&#8220; da_has_shadow=&#8220;on&#8220;][et_pb_row _builder_version=&#8220;4.20.2&#8243; _module_preset=&#8220;default&#8220; global_colors_info=&#8220;{}&#8220;][et_pb_column type=&#8220;4_4&#8243; _builder_version=&#8220;4.20.2&#8243; _module_preset=&#8220;default&#8220; global_colors_info=&#8220;{}&#8220;][et_pb_blurb title=&#8220;REach&#8220; image=&#8220;https:\/\/mcc-hamburg.de\/website\/wp-content\/uploads\/mcc-menssing-product-icon-reach-consulting.svg&#8220; image_icon_width=&#8220;3em&#8220; image_icon_width_tablet=&#8220;3em&#8220; image_icon_width_phone=&#8220;2em&#8220; image_icon_width_last_edited=&#8220;on|desktop&#8220; _builder_version=&#8220;4.21.0&#8243; _module_preset=&#8220;default&#8220; header_font=&#8220;|||on|||||&#8220; header_font_size=&#8220;3em&#8220; image_icon_custom_padding=&#8220;||||false|false&#8220; custom_padding=&#8220;||1.5em||false|false&#8220; animation=&#8220;left&#8220; header_font_size_tablet=&#8220;3em&#8220; header_font_size_phone=&#8220;2em&#8220; header_font_size_last_edited=&#8220;on|desktop&#8220; locked=&#8220;off&#8220; global_colors_info=&#8220;{}&#8220;][\/et_pb_blurb][et_pb_text _builder_version=&#8220;4.21.0&#8243; _module_preset=&#8220;default&#8220; link_font=&#8220;||||||||&#8220; ul_font=&#8220;||||||||&#8220; global_colors_info=&#8220;{}&#8220;]<\/p>\n<p style=\"text-align: justify;\">Wir \u00fcbernehmen Verantwortung. Die EU-Verordnung (EG) Nr. 1907\/2006 (REACH-Verordnung) zur Registrierung, Bewertung, Zulassung und Beschr\u00e4nkung von Chemikalien (REACH) ist eine der gr\u00f6\u00dften beh\u00f6rdlichen \u00c4nderungen in der chemischen Industrie. Seit ihrem Inkrafttreten am 1. Juni 2007 sind die Hersteller und Importeure nicht mehr nur f\u00fcr die sichere Verwendung von Chemikalien verantwortlich, sondern nun auch f\u00fcr die \u00dcberpr\u00fcfung der Chemikaliensicherheit.<\/p>\n<p style=\"text-align: justify;\">Die MCC gew\u00e4hrleistet eine hohe Produktsicherheit, verfolgt die Umsetzung der REACH-Verordnung und bietet REACH-konforme Rohstoffe an. Dar\u00fcber hinaus erhalten Sie von uns aber auch praktische Hilfe und Informationen rund um das Thema REACH. Gerne unterst\u00fctzen wir sowohl Lieferanten als auch Kunden bei der Einhaltung der REACH-Verordnung. Dazu geh\u00f6rt beispielsweise die Beratung zur optimalen Nutzung des Mengenbandes oder die \u00dcbernahme der Alleinvertreter-Rolle f\u00fcr Nicht-EU-Unternehmen.<\/p>\n<p style=\"text-align: justify;\">Unser Ziel ist es, den Dialog entlang der Lieferkette so effektiv wie m\u00f6glich zu gestalten, damit alle unsere Kunden und Lieferanten einen gesch\u00e4ftlichen Vorteil erlangen. Die MCC steht Ihnen gerne in allen Belangen bez\u00fcglich REACH zur Seite. F\u00fcr Fragen k\u00f6nnen Sie sich direkt mit unserem REACH-Team in Verbindung setzen:<\/p>\n<p>[\/et_pb_text][\/et_pb_column][\/et_pb_row][et_pb_row _builder_version=&#8220;4.20.2&#8243; _module_preset=&#8220;default&#8220; custom_padding=&#8220;0px||14px|||&#8220; locked=&#8220;off&#8220; global_colors_info=&#8220;{}&#8220;][et_pb_column type=&#8220;4_4&#8243; _builder_version=&#8220;4.20.2&#8243; _module_preset=&#8220;default&#8220; global_colors_info=&#8220;{}&#8220;][et_pb_text _builder_version=&#8220;4.21.0&#8243; _module_preset=&#8220;default&#8220; custom_margin=&#8220;0.5em||0.5em||true|false&#8220; global_colors_info=&#8220;{}&#8220;]<strong>MCC \u2013 Menssing Chemiehandel &amp; Consultants GmbH<\/strong><br \/>\nDorotheenstrasse 48<br \/>\n22301 Hamburg<br \/>\nGermany[\/et_pb_text][\/et_pb_column][\/et_pb_row][et_pb_row _builder_version=&#8220;4.20.2&#8243; _module_preset=&#8220;default&#8220; custom_padding=&#8220;1px|||||&#8220; locked=&#8220;off&#8220; global_colors_info=&#8220;{}&#8220;][et_pb_column type=&#8220;4_4&#8243; _builder_version=&#8220;4.20.2&#8243; _module_preset=&#8220;default&#8220; global_colors_info=&#8220;{}&#8220;][et_pb_text _builder_version=&#8220;4.20.2&#8243; _module_preset=&#8220;default&#8220; custom_margin=&#8220;||0px||false|false&#8220; global_colors_info=&#8220;{}&#8220;]<\/p>\n<p><strong>Anjelika Graudegus<\/strong><\/p>\n<p>[\/et_pb_text][et_pb_text _builder_version=&#8220;4.21.0&#8243; _module_preset=&#8220;default&#8220; custom_margin=&#8220;||10px||false|false&#8220; global_colors_info=&#8220;{}&#8220;]<\/p>\n<p>REACH-Koordinatorin<\/p>\n<p>[\/et_pb_text][et_pb_blurb title=&#8220;  +49 40 &#8211; 27 85 99 &#8211; 17&#8243; image=&#8220;https:\/\/2023.mcc-hamburg.de\/wp-content\/uploads\/mcc-menssing-contact-phone.svg&#8220; _builder_version=&#8220;4.21.0&#8243; _module_preset=&#8220;default&#8220; global_colors_info=&#8220;{}&#8220;][\/et_pb_blurb][et_pb_blurb title=&#8220;+49 40 &#8211; 27 90 01 9&#8243; image=&#8220;https:\/\/2023.mcc-hamburg.de\/wp-content\/uploads\/mcc-menssing-contact-fax.svg&#8220; _builder_version=&#8220;4.21.0&#8243; _module_preset=&#8220;default&#8220; global_colors_info=&#8220;{}&#8220;][\/et_pb_blurb][et_pb_blurb title=&#8220;reach@mcc-hamburg.de&#8220; image=&#8220;https:\/\/2023.mcc-hamburg.de\/wp-content\/uploads\/mcc-menssing-contact-mail.svg&#8220; _builder_version=&#8220;4.21.0&#8243; _module_preset=&#8220;default&#8220; link_option_url=&#8220;mailto:reach@mcc-hamburg.de&#8220; global_colors_info=&#8220;{%22gcid-1c7810c3-3311-49a9-b930-97ea13cb0748%22:%91%22header_text_color__hover%22%93}&#8220; header_text_color__hover_enabled=&#8220;on|desktop&#8220; header_text_color__hover=&#8220;#007a3b&#8220; header_letter_spacing__hover_enabled=&#8220;on|desktop&#8220; header_letter_spacing__hover=&#8220;1px&#8220;][\/et_pb_blurb][\/et_pb_column][\/et_pb_row][\/et_pb_section]<\/p>\n","protected":false},"excerpt":{"rendered":"<p>Wir \u00fcbernehmen Verantwortung. Die EU-Verordnung (EG) Nr. 1907\/2006 (REACH-Verordnung) zur Registrierung, Bewertung, Zulassung und Beschr\u00e4nkung von Chemikalien (REACH) ist eine der gr\u00f6\u00dften beh\u00f6rdlichen \u00c4nderungen in der chemischen Industrie. Seit ihrem Inkrafttreten am 1. Juni 2007 sind die Hersteller und Importeure nicht mehr nur f\u00fcr die sichere Verwendung von Chemikalien verantwortlich, sondern nun auch f\u00fcr die [&hellip;]<\/p>\n","protected":false},"author":1,"featured_media":0,"parent":0,"menu_order":0,"comment_status":"closed","ping_status":"closed","template":"","meta":{"_acf_changed":false,"_et_pb_use_builder":"on","_et_pb_old_content":"","_et_gb_content_width":"","footnotes":""},"class_list":["post-237697","page","type-page","status-publish","hentry"],"acf":[],"_links":{"self":[{"href":"https:\/\/mcc-hamburg.de\/en\/wp-json\/wp\/v2\/pages\/237697","targetHints":{"allow":["GET"]}}],"collection":[{"href":"https:\/\/mcc-hamburg.de\/en\/wp-json\/wp\/v2\/pages"}],"about":[{"href":"https:\/\/mcc-hamburg.de\/en\/wp-json\/wp\/v2\/types\/page"}],"author":[{"embeddable":true,"href":"https:\/\/mcc-hamburg.de\/en\/wp-json\/wp\/v2\/users\/1"}],"replies":[{"embeddable":true,"href":"https:\/\/mcc-hamburg.de\/en\/wp-json\/wp\/v2\/comments?post=237697"}],"version-history":[{"count":1,"href":"https:\/\/mcc-hamburg.de\/en\/wp-json\/wp\/v2\/pages\/237697\/revisions"}],"predecessor-version":[{"id":244796,"href":"https:\/\/mcc-hamburg.de\/en\/wp-json\/wp\/v2\/pages\/237697\/revisions\/244796"}],"wp:attachment":[{"href":"https:\/\/mcc-hamburg.de\/en\/wp-json\/wp\/v2\/media?parent=237697"}],"curies":[{"name":"wp","href":"https:\/\/api.w.org\/{rel}","templated":true}]}}