{"id":237677,"date":"2023-03-22T11:46:23","date_gmt":"2023-03-22T10:46:23","guid":{"rendered":"https:\/\/2023.mcc-hamburg.de\/?page_id=237677"},"modified":"2025-12-01T09:36:01","modified_gmt":"2025-12-01T08:36:01","slug":"unternehmen","status":"publish","type":"page","link":"https:\/\/mcc-hamburg.de\/en\/unternehmen\/","title":{"rendered":"Company"},"content":{"rendered":"<p>[et_pb_section fb_built=&#8220;1&#8243; fullwidth=&#8220;on&#8220; _builder_version=&#8220;4.16&#8243; _module_preset=&#8220;default&#8220; custom_margin=&#8220;||||false|false&#8220; custom_css_main_element=&#8220;overflow:hidden;&#8220; da_disable_devices=&#8220;off|off|off&#8220; locked=&#8220;off&#8220; collapsed=&#8220;on&#8220; global_colors_info=&#8220;{}&#8220; custom_css_before__hover_enabled=&#8220;off|desktop&#8220; da_is_popup=&#8220;off&#8220; da_exit_intent=&#8220;off&#8220; da_has_close=&#8220;on&#8220; da_alt_close=&#8220;off&#8220; da_dark_close=&#8220;off&#8220; da_not_modal=&#8220;on&#8220; da_is_singular=&#8220;off&#8220; da_with_loader=&#8220;off&#8220; da_has_shadow=&#8220;on&#8220;][et_pb_fullwidth_slider show_arrows=&#8220;off&#8220; show_pagination=&#8220;off&#8220; show_image_video_mobile=&#8220;on&#8220; arrows_custom_color=&#8220;#ffffff&#8220; dot_nav_custom_color=&#8220;#ffffff&#8220; module_class=&#8220;ken-burns-effect-ap-right&#8220; _builder_version=&#8220;4.27.4&#8243; _module_preset=&#8220;default&#8220; header_font=&#8220;|200||on|||||&#8220; header_text_color=&#8220;#ffffff&#8220; header_font_size=&#8220;80px&#8220; header_letter_spacing=&#8220;-3px&#8220; header_line_height=&#8220;1.5em&#8220; body_font=&#8220;||||||||&#8220; body_text_color=&#8220;#ffffff&#8220; body_font_size=&#8220;15px&#8220; body_line_height=&#8220;1.8em&#8220; custom_button=&#8220;on&#8220; button_text_size=&#8220;14px&#8220; button_text_color=&#8220;#ffffff&#8220; button_bg_color=&#8220;#000000&#8243; button_border_width=&#8220;0px&#8220; button_border_color=&#8220;#ffffff&#8220; button_border_radius=&#8220;0px&#8220; button_letter_spacing=&#8220;1px&#8220; button_font=&#8220;Poppins|||on|||||&#8220; button_icon=&#8220;%%3%%&#8220; button_icon_color=&#8220;#ffffff&#8220; button_alignment=&#8220;center&#8220; button_custom_margin=&#8220;34px||||false|false&#8220; button_custom_margin_tablet=&#8220;&#8220; button_custom_margin_phone=&#8220;20px||20px||false|false&#8220; button_custom_margin_last_edited=&#8220;on|phone&#8220; button_custom_padding=&#8220;17px|30px|17px|30px|true|true&#8220; button_custom_padding_tablet=&#8220;&#8220; button_custom_padding_phone=&#8220;13px|17px|13px|17px|true|true&#8220; button_custom_padding_last_edited=&#8220;on|phone&#8220; content_width=&#8220;100%&#8220; min_height=&#8220;40vh&#8220; min_height_tablet=&#8220;30vh&#8220; min_height_phone=&#8220;23vh&#8220; min_height_last_edited=&#8220;on|phone&#8220; height=&#8220;40vh&#8220; height_tablet=&#8220;30vh&#8220; height_phone=&#8220;23vh&#8220; height_last_edited=&#8220;on|desktop&#8220; max_height=&#8220;40vh&#8220; max_height_tablet=&#8220;30vh&#8220; max_height_phone=&#8220;23vh&#8220; max_height_last_edited=&#8220;on|desktop&#8220; custom_padding=&#8220;0px||0px||true|false&#8220; custom_padding_tablet=&#8220;18%||18%||true|false&#8220; custom_padding_phone=&#8220;10%||10%||true|false&#8220; custom_padding_last_edited=&#8220;on|phone&#8220; auto=&#8220;on&#8220; auto_speed=&#8220;20000&#8243; auto_ignore_hover=&#8220;on&#8220; header_font_size_tablet=&#8220;60px&#8220; header_font_size_phone=&#8220;42px&#8220; header_font_size_last_edited=&#8220;on|desktop&#8220; header_letter_spacing_tablet=&#8220;&#8220; header_letter_spacing_phone=&#8220;-2px&#8220; header_letter_spacing_last_edited=&#8220;on|tablet&#8220; body_font_size_tablet=&#8220;&#8220; body_font_size_phone=&#8220;14px&#8220; body_font_size_last_edited=&#8220;on|phone&#8220; body_line_height_tablet=&#8220;&#8220; body_line_height_phone=&#8220;1.6em&#8220; body_line_height_last_edited=&#8220;on|phone&#8220; button_text_size_tablet=&#8220;&#8220; button_text_size_phone=&#8220;12px&#8220; button_text_size_last_edited=&#8220;on|phone&#8220; custom_css_slide_description=&#8220;animation-name: none !important;&#8220; custom_css_slide_title=&#8220;animation-name: none !important;&#8220; custom_css_slide_button=&#8220;animation-name: none !important;&#8220; custom_css_slide_controllers=&#8220;animation-name: none !important;&#8220; custom_css_slide_image=&#8220;animation-name: none !important;&#8220; global_colors_info=&#8220;{}&#8220; button_text_color__hover=&#8220;#ffffff&#8220; button_text_color__hover_enabled=&#8220;on|hover&#8220; button_bg_color__hover=&#8220;#000000&#8243; button_bg_color__hover_enabled=&#8220;on|hover&#8220; button_border_color__hover=&#8220;#bfbfbf&#8220; button_border_color__hover_enabled=&#8220;on&#8220; button_letter_spacing__hover=&#8220;2px&#8220; button_letter_spacing__hover_enabled=&#8220;on|hover&#8220; transform_styles__hover_enabled=&#8220;off|hover&#8220; transform_scale__hover_enabled=&#8220;off|hover&#8220; transform_translate__hover_enabled=&#8220;off|hover&#8220; transform_rotate__hover_enabled=&#8220;off|hover&#8220; transform_skew__hover_enabled=&#8220;off|hover&#8220; transform_origin__hover_enabled=&#8220;off|hover&#8220; custom_css_slide_image__hover_enabled=&#8220;off|desktop&#8220; custom_css_before__hover_enabled=&#8220;off|hover&#8220; custom_css_main_element__hover_enabled=&#8220;off|hover&#8220; custom_css_slide_description__hover_enabled=&#8220;off|desktop&#8220; button_bg_enable_color__hover=&#8220;on&#8220;][et_pb_slide image=&#8220;https:\/\/mcc-hamburg.de\/website\/wp-content\/uploads\/mcc-menssing-chemiehandel-excellence-in-speacialty-chemicals-1080.svg&#8220; content_tablet=&#8220;&#8220; content_phone=&#8220;&#8220; content_last_edited=&#8220;on|phone&#8220; _builder_version=&#8220;4.27.4&#8243; _module_preset=&#8220;default&#8220; header_font=&#8220;Poppins|200||on|||||&#8220; header_text_color=&#8220;#ffffff&#8220; header_font_size=&#8220;80px&#8220; header_letter_spacing=&#8220;-3px&#8220; header_line_height=&#8220;1.5em&#8220; body_font=&#8220;Open Sans||||||||&#8220; body_text_color=&#8220;#ffffff&#8220; body_font_size=&#8220;15px&#8220; body_line_height=&#8220;1.8em&#8220; background_color=&#8220;#383838&#8243; background_enable_color=&#8220;on&#8220; background_image=&#8220;https:\/\/2023.mcc-hamburg.de\/wp-content\/uploads\/mcc-menssing-chemiehandel-company-head-02.jpg&#8220; background_enable_image=&#8220;on&#8220; parallax=&#8220;on&#8220; parallax_method=&#8220;off&#8220; header_font_size_tablet=&#8220;60px&#8220; header_font_size_phone=&#8220;42px&#8220; header_font_size_last_edited=&#8220;on|phone&#8220; header_letter_spacing_tablet=&#8220;&#8220; header_letter_spacing_phone=&#8220;-2px&#8220; header_letter_spacing_last_edited=&#8220;on|tablet&#8220; body_font_size_tablet=&#8220;&#8220; body_font_size_phone=&#8220;14px&#8220; body_font_size_last_edited=&#8220;on|desktop&#8220; body_line_height_tablet=&#8220;&#8220; body_line_height_phone=&#8220;1.6em&#8220; body_line_height_last_edited=&#8220;on|phone&#8220; custom_css_slide_image=&#8220;width:100%;&#8220; global_colors_info=&#8220;{}&#8220; sticky_transition=&#8220;on&#8220;][\/et_pb_slide][et_pb_slide image=&#8220;https:\/\/mcc-hamburg.de\/website\/wp-content\/uploads\/mcc-menssing-chemiehandel-excellence-in-speacialty-chemicals-1080.svg&#8220; content_tablet=&#8220;&#8220; content_phone=&#8220;&#8220; content_last_edited=&#8220;on|phone&#8220; _builder_version=&#8220;4.27.4&#8243; _module_preset=&#8220;default&#8220; header_font=&#8220;Poppins|200||on|||||&#8220; header_text_color=&#8220;#ffffff&#8220; header_font_size=&#8220;80px&#8220; header_letter_spacing=&#8220;-3px&#8220; header_line_height=&#8220;1.5em&#8220; body_font=&#8220;||||||||&#8220; body_text_color=&#8220;#ffffff&#8220; body_font_size=&#8220;15px&#8220; body_line_height=&#8220;1.8em&#8220; background_color=&#8220;#383838&#8243; background_enable_color=&#8220;on&#8220; background_image=&#8220;https:\/\/2023.mcc-hamburg.de\/wp-content\/uploads\/mcc-menssing-chemiehandel-company-head-01.jpg&#8220; background_enable_image=&#8220;on&#8220; parallax=&#8220;on&#8220; parallax_method=&#8220;off&#8220; hover_transition_duration=&#8220;0ms&#8220; header_font_size_tablet=&#8220;60px&#8220; header_font_size_phone=&#8220;42px&#8220; header_font_size_last_edited=&#8220;on|phone&#8220; header_letter_spacing_tablet=&#8220;&#8220; header_letter_spacing_phone=&#8220;-2px&#8220; header_letter_spacing_last_edited=&#8220;on|tablet&#8220; body_font_size_tablet=&#8220;&#8220; body_font_size_phone=&#8220;30px&#8220; body_font_size_last_edited=&#8220;on|desktop&#8220; body_line_height_tablet=&#8220;&#8220; body_line_height_phone=&#8220;1.6em&#8220; body_line_height_last_edited=&#8220;on|phone&#8220; custom_css_slide_image=&#8220;width:100%;&#8220; global_colors_info=&#8220;{}&#8220; sticky_transition=&#8220;on&#8220;][\/et_pb_slide][\/et_pb_fullwidth_slider][\/et_pb_section][et_pb_section fb_built=&#8220;1&#8243; _builder_version=&#8220;4.21.0&#8243; _module_preset=&#8220;default&#8220; background_color=&#8220;gcid-14adc35a-f565-4dd9-ae6d-e0197fd41b31&#8243; da_disable_devices=&#8220;off|off|off&#8220; global_colors_info=&#8220;{%22gcid-14adc35a-f565-4dd9-ae6d-e0197fd41b31%22:%91%22background_color_gradient_stops%22,%22background_color%22%93}&#8220; da_is_popup=&#8220;off&#8220; da_exit_intent=&#8220;off&#8220; da_has_close=&#8220;on&#8220; da_alt_close=&#8220;off&#8220; da_dark_close=&#8220;off&#8220; da_not_modal=&#8220;on&#8220; da_is_singular=&#8220;off&#8220; da_with_loader=&#8220;off&#8220; da_has_shadow=&#8220;on&#8220;][et_pb_row _builder_version=&#8220;4.27.4&#8243; _module_preset=&#8220;default&#8220; custom_padding=&#8220;||||false|false&#8220; global_colors_info=&#8220;{}&#8220;][et_pb_column type=&#8220;4_4&#8243; _builder_version=&#8220;4.20.2&#8243; _module_preset=&#8220;default&#8220; global_colors_info=&#8220;{}&#8220;][et_pb_text _builder_version=&#8220;4.27.4&#8243; _module_preset=&#8220;default&#8220; header_2_font_size_tablet=&#8220;&#8220; header_2_font_size_phone=&#8220;2em&#8220; header_2_font_size_last_edited=&#8220;on|desktop&#8220; global_colors_info=&#8220;{}&#8220;]<\/p>\n<h1>\u00dcber das Unternehmen<\/h1>\n<p>[\/et_pb_text][et_pb_text _builder_version=&#8220;4.27.4&#8243; _module_preset=&#8220;default&#8220; link_font=&#8220;||||||||&#8220; ul_font=&#8220;||||||||&#8220; header_2_font=&#8220;Head-300|||on|||||&#8220; global_colors_info=&#8220;{}&#8220;]<\/p>\n<p style=\"text-align: justify;\">Die 1995 gegr\u00fcndete MCC &#8211; Menssing Chemiehandel &amp; Consultants GmbH aus Hamburg z\u00e4hlt zu den f\u00fchrenden Distributoren von chemischen Rohstoffen und Spezialchemikalien.<\/p>\n<p style=\"text-align: justify;\">Als in zweiter Generation gef\u00fchrtes Familienunternehmen mit hanseatischen Werten, bewegen wir uns \u201eam Puls der Zeit\u201c, um die aktuellen Marktentwicklungen und Trends fr\u00fchzeitig zu erkennen.<\/p>\n<p style=\"text-align: justify;\">Unsere Schwerpunkte bilden die Beschaffung von Rohstoffen, gr\u00f6\u00dftenteils aus S\u00fcd-Ost-Asien und Indien, sowie der Vertrieb in Europa. In Zusammenarbeit mit unseren Repr\u00e4sentanzen in China und Indien besch\u00e4ftigen wir uns ebenfalls mit Export- und Transitgesch\u00e4ften. Als Bindeglied zwischen Produzenten und Verarbeitern gew\u00e4hrleistet die MCC ein gro\u00dfes Ma\u00df an Kosteneffizienz. Die Unterst\u00fctzung bei der Neu- und Weiterentwicklung von innovativen Probleml\u00f6sungen und Produkten sind Bestandteile unseres t\u00e4glichen Gesch\u00e4fts. Fachkompetenz, Zuverl\u00e4ssigkeit und langj\u00e4hrige Branchenerfahrung sind unsere Grundlagen f\u00fcr langfristige und erfolgreiche Partnerschaften.<\/p>\n<p style=\"text-align: justify;\">Basierend auf Flexibilit\u00e4t und kurzen Entscheidungswegen bieten wir unseren Partnern einen umfassenden Service in allen Bereichen der Gesch\u00e4ftsabwicklung. Dazu geh\u00f6ren der technische Service, die REACH-Betreuung, Mischungen &amp; Formulierungen, Neu- und Umverpackungen, eine Just-in-time Lieferung, sowie Bestandsverwaltung und Abwicklung.<\/p>\n<p>[\/et_pb_text][\/et_pb_column][\/et_pb_row][et_pb_row column_structure=&#8220;1_2,1_4,1_4&#8243; _builder_version=&#8220;4.27.4&#8243; _module_preset=&#8220;default&#8220; custom_padding=&#8220;0px||||false|false&#8220; global_colors_info=&#8220;{}&#8220;][et_pb_column type=&#8220;1_2&#8243; _builder_version=&#8220;4.20.2&#8243; _module_preset=&#8220;default&#8220; global_colors_info=&#8220;{}&#8220;][et_pb_text _builder_version=&#8220;4.27.4&#8243; _module_preset=&#8220;default&#8220; link_font=&#8220;||||||||&#8220; ul_font=&#8220;||||||||&#8220; header_2_font=&#8220;Head-300|||on|||||&#8220; custom_padding=&#8220;||||false|false&#8220; global_colors_info=&#8220;{}&#8220;]<\/p>\n<p style=\"text-align: justify;\">Als Distributor von Chemierohstoffen tragen wir eine hohe Verantwortung gegen\u00fcber Kunden und Lieferanten. Qualit\u00e4t und Sicherheit stehen im Mittelpunkt unseres Handelns. Seit 2003 ist unser Unternehmen daher gem\u00e4\u00df DIN EN ISO 9001 und seit November 2025 ecovadis \u201eBroze\u201c zertifiziert.<\/p>\n<p>[\/et_pb_text][\/et_pb_column][et_pb_column type=&#8220;1_4&#8243; _builder_version=&#8220;4.20.2&#8243; _module_preset=&#8220;default&#8220; global_colors_info=&#8220;{}&#8220;][et_pb_image src=&#8220;https:\/\/mcc-hamburg.de\/website\/wp-content\/uploads\/MCC-MenssingZertifikat_ISO_9001.jpg&#8220; alt=&#8220;MCC Menssing Chemiehandel Zertifikat ISO 9001&#8243; title_text=&#8220;MCC Menssing Chemiehandel Zertifikat ISO 9001&#8243; show_in_lightbox=&#8220;on&#8220; align=&#8220;center&#8220; _builder_version=&#8220;4.27.4&#8243; _module_preset=&#8220;default&#8220; min_height=&#8220;300px&#8220; height=&#8220;300px&#8220; max_height=&#8220;300px&#8220; box_shadow_style=&#8220;preset3&#8243; global_colors_info=&#8220;{}&#8220;][\/et_pb_image][\/et_pb_column][et_pb_column type=&#8220;1_4&#8243; _builder_version=&#8220;4.20.2&#8243; _module_preset=&#8220;default&#8220; global_colors_info=&#8220;{}&#8220;][et_pb_image src=&#8220;https:\/\/mcc-hamburg.de\/website\/wp-content\/uploads\/mcc-menssing-chemiehandel-consultants-gmbh-ecovadis-bronze.png&#8220; alt=&#8220;mcc menssing chemiehandel hamburg ecovadis bronze auszeichnung &#8220; title_text=&#8220;mcc menssing chemiehandel hamburg ecovadis bronze auszeichnung &#8220; url=&#8220;https:\/\/recognition.ecovadis.com\/c_NceH1ARUqBoyBbJEjjbQ&#8220; url_new_window=&#8220;on&#8220; _builder_version=&#8220;4.27.4&#8243; _module_preset=&#8220;default&#8220; hover_enabled=&#8220;0&#8243; global_colors_info=&#8220;{}&#8220; sticky_enabled=&#8220;0&#8243; width_last_edited=&#8220;on|phone&#8220; max_width_last_edited=&#8220;on|phone&#8220; width_tablet=&#8220;300px&#8220; max_width_tablet=&#8220;300px&#8220; module_alignment_last_edited=&#8220;on|phone&#8220; module_alignment_phone=&#8220;center&#8220; width_phone=&#8220;200px&#8220; max_width_phone=&#8220;200px&#8220; custom_margin_last_edited=&#8220;on|phone&#8220; custom_padding=&#8220;1em||||false|false&#8220;][\/et_pb_image][\/et_pb_column][\/et_pb_row][\/et_pb_section]<\/p>\n","protected":false},"excerpt":{"rendered":"<p>\u00dcber das UnternehmenDie 1995 gegr\u00fcndete MCC &#8211; Menssing Chemiehandel &amp; Consultants GmbH aus Hamburg z\u00e4hlt zu den f\u00fchrenden Distributoren von chemischen Rohstoffen und Spezialchemikalien. Als in zweiter Generation gef\u00fchrtes Familienunternehmen mit hanseatischen Werten, bewegen wir uns \u201eam Puls der Zeit\u201c, um die aktuellen Marktentwicklungen und Trends fr\u00fchzeitig zu erkennen. Unsere Schwerpunkte bilden die Beschaffung von [&hellip;]<\/p>\n","protected":false},"author":1,"featured_media":0,"parent":0,"menu_order":0,"comment_status":"closed","ping_status":"closed","template":"","meta":{"_acf_changed":false,"_et_pb_use_builder":"on","_et_pb_old_content":"","_et_gb_content_width":"","footnotes":""},"class_list":["post-237677","page","type-page","status-publish","hentry"],"acf":[],"_links":{"self":[{"href":"https:\/\/mcc-hamburg.de\/en\/wp-json\/wp\/v2\/pages\/237677","targetHints":{"allow":["GET"]}}],"collection":[{"href":"https:\/\/mcc-hamburg.de\/en\/wp-json\/wp\/v2\/pages"}],"about":[{"href":"https:\/\/mcc-hamburg.de\/en\/wp-json\/wp\/v2\/types\/page"}],"author":[{"embeddable":true,"href":"https:\/\/mcc-hamburg.de\/en\/wp-json\/wp\/v2\/users\/1"}],"replies":[{"embeddable":true,"href":"https:\/\/mcc-hamburg.de\/en\/wp-json\/wp\/v2\/comments?post=237677"}],"version-history":[{"count":3,"href":"https:\/\/mcc-hamburg.de\/en\/wp-json\/wp\/v2\/pages\/237677\/revisions"}],"predecessor-version":[{"id":244855,"href":"https:\/\/mcc-hamburg.de\/en\/wp-json\/wp\/v2\/pages\/237677\/revisions\/244855"}],"wp:attachment":[{"href":"https:\/\/mcc-hamburg.de\/en\/wp-json\/wp\/v2\/media?parent=237677"}],"curies":[{"name":"wp","href":"https:\/\/api.w.org\/{rel}","templated":true}]}}