{"id":236995,"date":"2023-03-07T10:13:37","date_gmt":"2023-03-07T09:13:37","guid":{"rendered":"https:\/\/2023.mcc-hamburg.de\/?page_id=236995"},"modified":"2025-06-03T14:19:15","modified_gmt":"2025-06-03T12:19:15","slug":"impressum","status":"publish","type":"page","link":"https:\/\/mcc-hamburg.de\/en\/impressum\/","title":{"rendered":"Imprint"},"content":{"rendered":"<p>[et_pb_section fb_built=&#8220;1&#8243; _builder_version=&#8220;4.20.1&#8243; _module_preset=&#8220;default&#8220; da_disable_devices=&#8220;off|off|off&#8220; global_colors_info=&#8220;{}&#8220; da_is_popup=&#8220;off&#8220; da_exit_intent=&#8220;off&#8220; da_has_close=&#8220;on&#8220; da_alt_close=&#8220;off&#8220; da_dark_close=&#8220;off&#8220; da_not_modal=&#8220;on&#8220; da_is_singular=&#8220;off&#8220; da_with_loader=&#8220;off&#8220; da_has_shadow=&#8220;on&#8220;][et_pb_row _builder_version=&#8220;4.20.1&#8243; _module_preset=&#8220;default&#8220; global_colors_info=&#8220;{}&#8220;][et_pb_column type=&#8220;4_4&#8243; _builder_version=&#8220;4.20.1&#8243; _module_preset=&#8220;default&#8220; global_colors_info=&#8220;{}&#8220;][et_pb_text _builder_version=&#8220;4.27.4&#8243; _module_preset=&#8220;default&#8220; hover_enabled=&#8220;0&#8243; global_colors_info=&#8220;{}&#8220; sticky_enabled=&#8220;0&#8243;]<\/p>\n<h1 style=\"text-align: justify;\">IMPRESSUM<\/h1>\n<p>&nbsp;<\/p>\n<p style=\"text-align: justify;\">MCC-Menssing Chemiehandel &amp; Consultants GmbH<br \/>Vertreten durch die Gesch\u00e4ftsf\u00fchrer: Jan Menssing<br \/>Dorotheenstr. 48<br \/>22301 Hamburg<\/p>\n<p style=\"text-align: justify;\">Tel.: +49 40 278599-0<br \/>E-Mail: <a href=\"mailto:info@mcc-hamburg.de\" title=\"info@mcc-hamburg.de\">info@mcc-hamburg.de<\/a><br \/>Registergericht: Amtsgericht Hamburg HRB 58791<br \/>Ust.- Id.-Nr. DE 811 834 979<\/p>\n<h3 style=\"text-align: justify;\">Haftungsausschluss<\/h3>\n<h5 style=\"text-align: justify;\">Inhalt des Onlineangebotes<\/h5>\n<p style=\"text-align: justify;\">Die MCC-Menssing Chemiehandel &amp; Consultants GmbH \u00fcbernimmt keinerlei Gew\u00e4hr f\u00fcr die Aktualit\u00e4t, Korrektheit, Vollst\u00e4ndigkeit oder Qualit\u00e4t der bereitgestellten Informationen. Haftungsanspr\u00fcche gegen die MCC-Menssing Chemiehandel &amp; Consultants GmbH, welche sich auf Sch\u00e4den materieller oder ideeller Art beziehen, die durch die Nutzung oder Nichtnutzung der angebotenen Informationen bzw. durch die Nutzung fehlerhafter und \/ oder unvollst\u00e4ndiger Informationen verursacht wurden, sind grunds\u00e4tzlich ausgeschlossen! Alle Angebote sind freibleibend und unverbindlich. Die MCC-Menssing Chemiehandel &amp; Consultants GmbH beh\u00e4lt sich ausdr\u00fccklich vor, Teile der Seiten oder das gesamte Angebot ohne vorherige Ank\u00fcndigung zu ver\u00e4ndern, zu erg\u00e4nzen, zu l\u00f6schen oder die Ver\u00f6ffentlichung zeitweise oder endg\u00fcltig einzustellen.<\/p>\n<h5 style=\"text-align: justify;\">Verweise und Links<\/h5>\n<p style=\"text-align: justify;\">Die MCC-Menssing Chemiehandel &amp; Consultants GmbH erkl\u00e4rt hiermit ausdr\u00fccklich, dass zum Zeitpunkt der Linksetzung keine illegalen Inhalte auf den verlinkten Seiten erkennbar waren. Auf die aktuelle und zuk\u00fcnftige Gestaltung, die Inhalte oder die Urheberschaft der gelinkten\/verkn\u00fcpften Seiten hat die MCC-Menssing Chemiehandel &amp; Consultants GmbH keinerlei Einfluss. Deshalb distanziert sie sich hiermit ausdr\u00fccklich von den Inhalten aller gelinkten\/verkn\u00fcpften Seiten, die nach der Linksetzung ver\u00e4ndert wurden. Die Distanzierung gilt generell f\u00fcr alle Seiten, die auf irgendeine Weise mit den Seiten der MCC-Menssing Chemiehandel &amp; Consultants GmbH verlinkt bzw. verkn\u00fcpft sind und eventuell gegen geltendes Recht, Sitte, Anstand oder Moral versto\u00dfen. F\u00fcr illegale, fehlerhafte oder unvollst\u00e4ndige Inhalte und insbesondere f\u00fcr Sch\u00e4den, die aus der Nutzung oder Nichtnutzung solcherart dargebotener Informationen entstehen, haftet alleine der Anbieter der Seite, auf welche verwiesen wird\/wurde, nicht jedoch derjenige, der \u00fcber Links auf die jeweilige Ver\u00f6ffentlichung hinweist. Ebenso hat die MCC-Menssing Chemiehandel &amp; Consultants GmbH keinen Einfluss auf den Inhalt von Seiten, bei denen mit Links fremde Webmaster auf das Onlineangebot der MCC-Menssing Chemiehandel &amp; Consultants GmbH verweisen.<\/p>\n<h5 style=\"text-align: justify;\">Urheber- und Kennzeichenrecht<\/h5>\n<p style=\"text-align: justify;\">Die MCC-Menssing Chemiehandel &amp; Consultants GmbH ist immer bestrebt, in allen Publikationen die Urheberrechte der verwendeten Grafiken, Tondokumente, Videosequenzen und Texte zu beachten, und auf von ihr selbst erstellte Grafiken, Tondokumente, Videosequenzen und Texte zur\u00fcckzugreifen. Alle innerhalb des Internetangebotes genannten und ggf. durch Dritte gesch\u00fctzten Marken- und Warenzeichen unterliegen uneingeschr\u00e4nkt den Bestimmungen des jeweils g\u00fcltigen Kennzeichnungsrechts und den Besitzrechten der jeweilig eingetragenen Eigent\u00fcmer. Die MCC-Menssing Chemiehandel &amp; Consultants GmbH verpflichtet sich, wenn trotz gr\u00f6\u00dfter Sorgfalt Grafiken, Tondokumente, Videosequenzen oder Texte mit Rechten Dritter verwendet wurden, diese umgehend zu entfernen. Hierzu ist allerdings eine Benennung der Dateien an den Webmaster erforderlich. Das Copyright f\u00fcr ver\u00f6ffentlichte, von der MCC-Menssing Chemiehandel &amp; Consultants GmbH selbst erstellte Objekte bleibt allein bei der MCC-Menssing Chemiehandel &amp; Consultants GmbH. Eine Vervielf\u00e4ltigung oder Verwendung solcher Grafiken, Tondokumente, Videosequenzen und Texte in anderen elektronischen oder gedruckten Publikationen ist ohne ausdr\u00fcckliche Zustimmung der MCC-Menssing Chemiehandel &amp; Consultants GmbH nicht gestattet.<\/p>\n<p>[\/et_pb_text][\/et_pb_column][\/et_pb_row][\/et_pb_section]<\/p>\n","protected":false},"excerpt":{"rendered":"<p>IMPRESSUM &nbsp; MCC-Menssing Chemiehandel &amp; Consultants GmbHVertreten durch die Gesch\u00e4ftsf\u00fchrer: Jan MenssingDorotheenstr. 4822301 Hamburg Tel.: +49 40 278599-0E-Mail: info@mcc-hamburg.deRegistergericht: Amtsgericht Hamburg HRB 58791Ust.- Id.-Nr. DE 811 834 979 Haftungsausschluss Inhalt des Onlineangebotes Die MCC-Menssing Chemiehandel &amp; Consultants GmbH \u00fcbernimmt keinerlei Gew\u00e4hr f\u00fcr die Aktualit\u00e4t, Korrektheit, Vollst\u00e4ndigkeit oder Qualit\u00e4t der bereitgestellten Informationen. Haftungsanspr\u00fcche gegen die MCC-Menssing [&hellip;]<\/p>\n","protected":false},"author":1,"featured_media":0,"parent":0,"menu_order":0,"comment_status":"closed","ping_status":"closed","template":"","meta":{"_acf_changed":false,"_et_pb_use_builder":"on","_et_pb_old_content":"","_et_gb_content_width":"","footnotes":""},"class_list":["post-236995","page","type-page","status-publish","hentry"],"acf":[],"_links":{"self":[{"href":"https:\/\/mcc-hamburg.de\/en\/wp-json\/wp\/v2\/pages\/236995","targetHints":{"allow":["GET"]}}],"collection":[{"href":"https:\/\/mcc-hamburg.de\/en\/wp-json\/wp\/v2\/pages"}],"about":[{"href":"https:\/\/mcc-hamburg.de\/en\/wp-json\/wp\/v2\/types\/page"}],"author":[{"embeddable":true,"href":"https:\/\/mcc-hamburg.de\/en\/wp-json\/wp\/v2\/users\/1"}],"replies":[{"embeddable":true,"href":"https:\/\/mcc-hamburg.de\/en\/wp-json\/wp\/v2\/comments?post=236995"}],"version-history":[{"count":0,"href":"https:\/\/mcc-hamburg.de\/en\/wp-json\/wp\/v2\/pages\/236995\/revisions"}],"wp:attachment":[{"href":"https:\/\/mcc-hamburg.de\/en\/wp-json\/wp\/v2\/media?parent=236995"}],"curies":[{"name":"wp","href":"https:\/\/api.w.org\/{rel}","templated":true}]}}